{"id":3906,"date":"2018-04-24T06:15:07","date_gmt":"2018-04-24T03:15:07","guid":{"rendered":"http:\/\/industco.themestek.com\/?page_id=3906"},"modified":"2021-01-21T20:01:49","modified_gmt":"2021-01-21T17:01:49","slug":"about-us","status":"publish","type":"page","link":"http:\/\/bogaziciaritma.com\/en\/about-us\/","title":{"rendered":"About Us"},"content":{"rendered":"<p>[vc_row ts_textcolor=&#8221;white&#8221; ts_bgcolor=&#8221;darkgrey&#8221; full_width=&#8221;stretch_row&#8221; equal_height=&#8221;yes&#8221; css_animation=&#8221;none&#8221; css=&#8221;.vc_custom_1607085609339{padding-top: 0px !important;padding-bottom: 0px !important;background-position: center !important;background-repeat: no-repeat !important;background-size: cover !important;}&#8221;][vc_column ts_col_bg_expand=&#8221;left&#8221; width=&#8221;1\/2&#8243; css=&#8221;.vc_custom_1611248506867{background-image: url(http:\/\/bogaziciaritma.com\/en\/wp-content\/uploads\/sites\/2\/2020\/10\/banner4-1.jpg?id=6887) !important;background-position: center !important;background-repeat: no-repeat !important;background-size: cover !important;}&#8221;][\/vc_column][vc_column width=&#8221;1\/2&#8243; css=&#8221;.vc_custom_1531742309650{padding-top: 90px !important;padding-right: 0px !important;padding-bottom: 60px !important;padding-left: 60px !important;}&#8221; ts_responsive_css=&#8221;70408163|colbreak_no|||||||||colbreak_no|||||||||colbreak_no||||||30||30||colbreak_no|||||||||&#8221;]<div class=\"ts-element-heading-wrapper ts-heading-inner ts-element-align-left ts-seperator-none  vc_custom_1607778229993  wpb_animate_when_almost_visible wpb_fadeInUp fadeInUp\"><section class=\"ts-vc_cta3-container\"><div class=\"ts-vc_general ts-vc_cta3 ts-cta3-only ts-vc_cta3-style-classic ts-vc_cta3-shape-rounded ts-vc_cta3-align-left ts-vc_cta3-color-transparent ts-vc_cta3-icon-size-md ts-vc_cta3-actions-no ts-cta3-with-desc\"><div class=\"ts-vc_cta3_content-container\"><div class=\"ts-vc_cta3-content\"><div class=\"ts-vc_cta3-content-header ts-wrap\"><div class=\"ts-vc_cta3-headers ts-wrap-cell\"><h4 class=\"ts-custom-heading \" >Hakk\u0131m\u0131zda<\/h4>\n<h2 class=\"ts-custom-heading \" >BO\u011eAZ\u0130\u00c7\u0130 ARITMA HAKKINDA<\/h2>\n<\/div><\/div><div class=\"ts-cta3-content-wrapper\"><p>Bo\u011fazi\u00e7i Ar\u0131tma Ve \u00c7evre Dan\u0131\u015fmanl\u0131k Hizmetleri San. ve Tic. Ltd. \u015eti. 2006 y\u0131l\u0131nda \u00e7evre teknolojileri alan\u0131nda faaliyet g\u00f6stermeye ba\u015flam\u0131\u015ft\u0131r.<\/p>\n<p>Firmam\u0131z evsel ve end\u00fcstriyel at\u0131k su ar\u0131tma, su ar\u0131tma, \u00e7evre dan\u0131\u015fmanl\u0131k hizmetleri, \u00e7evre izin lisans belgesi, de\u015farj izin belgesinin al\u0131nmas\u0131 konular\u0131nda hizmet vermektedir. G\u00fcn\u00fcm\u00fczde geli\u015fen teknoloji do\u011fal kaynaklar\u0131 t\u00fcketmekte ve ekolojik dengeleri h\u0131zla bozmaktad\u0131r. K\u00fcresel \u0131s\u0131nmayla azalan su kaynaklar\u0131n\u0131n kirletilmesi sonucu insanl\u0131k su kriziyle kar\u015f\u0131 kar\u015f\u0131ya kalm\u0131\u015ft\u0131r. Bu krizin a\u015f\u0131lmas\u0131 i\u00e7in mevcut su kaynaklar\u0131n\u0131n \u00e7ok iyi korunmas\u0131 gerekmektedir. Sanayi tesislerinin kat\u0131, s\u0131v\u0131 ve gaz at\u0131klar\u0131n\u0131 ar\u0131tmada al\u0131c\u0131 ortama de\u015farj etmeleri \u00e7evre felaketini h\u0131zland\u0131rmaktad\u0131r. Bu sanayi at\u0131klar\u0131n\u0131n ar\u0131tma tesislerinde ar\u0131t\u0131larak al\u0131c\u0131 ortama b\u0131rak\u0131lmas\u0131 gerekmektedir. Bu konuda Bo\u011fazi\u00e7i Ar\u0131tma Ve \u00c7evre Dan\u0131\u015fmanl\u0131k Hizmetleri San. ve Tic. Ltd. \u015eti. yapm\u0131\u015f oldu\u011fu ar\u0131tma tesisleri ile gelecek nesillere ya\u015fanabilir bir \u00e7evre b\u0131rakmay\u0131 ama\u00e7lamaktad\u0131r. Hedefimiz teknolojik geli\u015fmeleri b\u00fcnyemizde bar\u0131nd\u0131rarak, do\u011fal ya\u015fam\u0131 korumak i\u00e7in gereken gayreti g\u00f6stermektir. Firmam\u0131z at\u0131k sular\u0131n ar\u0131t\u0131lmas\u0131 i\u00e7in \u00e7\u00f6z\u00fcmler \u00fcretmekte; her t\u00fcrl\u00fc fiziksel, kimyasal ve biyolojik ar\u0131tma tesisinin projelendirilmesi ve uygulamas\u0131n\u0131 yapmaktad\u0131r. Projelendirdi\u011fimiz ar\u0131tma tesislerinde y\u00fcksek verim, optimum alan ihtiyac\u0131, uygun fiyat ve kaliteli hizmet prensibiyle hareket etmekteyiz.<\/p><\/div><\/div><\/div><\/div><\/section><\/div> <!-- .ts-element-heading-wrapper container --> [\/vc_column][\/vc_row]<\/p>\n","protected":false},"excerpt":{"rendered":"<p>[vc_row ts_textcolor=&#8221;white&#8221; ts_bgcolor=&#8221;darkgrey&#8221; full_width=&#8221;stretch_row&#8221; equal_height=&#8221;yes&#8221; css_animation=&#8221;none&#8221; css=&#8221;.vc_custom_1607085609339{padding-top: 0px !important;padding-bottom: 0px !important;background-position: center !important;background-repeat: no-repeat !important;background-size: cover !important;}&#8221;][vc_column ts_col_bg_expand=&#8221;left&#8221; width=&#8221;1\/2&#8243; css=&#8221;.vc_custom_1611248506867{background-image: url(http:\/\/bogaziciaritma.com\/en\/wp-content\/uploads\/sites\/2\/2020\/10\/banner4-1.jpg?id=6887) !important;background-position: center !important;background-repeat: no-repeat !important;background-size: cover !important;}&#8221;][\/vc_column][vc_column width=&#8221;1\/2&#8243; css=&#8221;.vc_custom_1531742309650{padding-top: 90px !important;padding-right: 0px !important;padding-bottom: 60px !important;padding-left: 60px !important;}&#8221; ts_responsive_css=&#8221;70408163|colbreak_no|||||||||colbreak_no|||||||||colbreak_no||||||30||30||colbreak_no|||||||||&#8221;][\/vc_column][\/vc_row]<\/p>\n","protected":false},"author":1,"featured_media":0,"parent":0,"menu_order":8,"comment_status":"closed","ping_status":"closed","template":"","meta":[],"_links":{"self":[{"href":"http:\/\/bogaziciaritma.com\/en\/wp-json\/wp\/v2\/pages\/3906"}],"collection":[{"href":"http:\/\/bogaziciaritma.com\/en\/wp-json\/wp\/v2\/pages"}],"about":[{"href":"http:\/\/bogaziciaritma.com\/en\/wp-json\/wp\/v2\/types\/page"}],"author":[{"embeddable":true,"href":"http:\/\/bogaziciaritma.com\/en\/wp-json\/wp\/v2\/users\/1"}],"replies":[{"embeddable":true,"href":"http:\/\/bogaziciaritma.com\/en\/wp-json\/wp\/v2\/comments?post=3906"}],"version-history":[{"count":2,"href":"http:\/\/bogaziciaritma.com\/en\/wp-json\/wp\/v2\/pages\/3906\/revisions"}],"predecessor-version":[{"id":7441,"href":"http:\/\/bogaziciaritma.com\/en\/wp-json\/wp\/v2\/pages\/3906\/revisions\/7441"}],"wp:attachment":[{"href":"http:\/\/bogaziciaritma.com\/en\/wp-json\/wp\/v2\/media?parent=3906"}],"curies":[{"name":"wp","href":"https:\/\/api.w.org\/{rel}","templated":true}]}}