{"id":4080,"date":"2018-04-27T10:38:18","date_gmt":"2018-04-27T07:38:18","guid":{"rendered":"http:\/\/industco.themestek.com\/?page_id=4080"},"modified":"2020-12-16T16:43:16","modified_gmt":"2020-12-16T13:43:16","slug":"our-projects","status":"publish","type":"page","link":"http:\/\/bogaziciaritma.com\/en\/our-projects\/","title":{"rendered":"Our Projects"},"content":{"rendered":"<p>[vc_row][vc_column]<div class=\"themestek-boxes themestek-boxes-portfolio themestek-boxes-view-default themestek-boxes-col-three themestek-boxes-sortable-yes themestek-boxes-textalign-center themestek-boxes-sortablebutton-\">\n\t\t<div class=\"themestek-boxes-inner themestek-boxes-portfolio-inner \">\n\t\t\t<div class=\"ts-sortable-wrapper ts-sortable-wrapper-portfolio\"><nav class=\"ts-sortable-list\"><ul><li class=\"ts-sortable-link ts-sortable-all-link\"><a class=\"selected\" href=\"javascript:void(0);\" data-filter=\"*\"> All <\/a><\/li><li class=\"ts-sortable-link\"><a href=\"javascript:void(0);\" data-filter=\".biyolojik-aritma\">B\u0130YOLOJ\u0130K ARITMA<\/a><\/li><li class=\"ts-sortable-link\"><a href=\"javascript:void(0);\" data-filter=\".atik-kabul-tesisi\">ATIK KABUL TES\u0130S\u0130<\/a><\/li><li class=\"ts-sortable-link\"><a href=\"javascript:void(0);\" data-filter=\".fiziksel-aritma\">F\u0130Z\u0130KSEL ARITMA<\/a><\/li><li class=\"ts-sortable-link\"><a href=\"javascript:void(0);\" data-filter=\".kimyasal-aritma\">K\u0130MYASAL ARITMA<\/a><\/li><li class=\"ts-sortable-link\"><a href=\"javascript:void(0);\" data-filter=\".atiksu-geri-kazanim\">ATIKSU GER\u0130 KAZANIM<\/a><\/li><li class=\"ts-sortable-link\"><a href=\"javascript:void(0);\" data-filter=\".tekstil-endustrisi\">TEKST\u0130L END\u00dcSTR\u0130S\u0130<\/a><\/li><li class=\"ts-sortable-link\"><a href=\"javascript:void(0);\" data-filter=\".metal-endustrisi\">METAL END\u00dcSTR\u0130S\u0130<\/a><\/li><\/ul><\/nav><\/div>\n\t\t\t<div class=\"row multi-columns-row themestek-boxes-row-wrapper\">\n\t\t\t\t<div class=\"ts-box-col-wrapper col-lg-4 col-sm-6 col-md-4 col-xs-12 biyolojik-aritma\"><article class=\"themestek-box themestek-box-portfolio ts-portfoliobox-style-2 themestek-box-view-overlay ts-hover-style-3\">\n\t<div class=\"themestek-post-item\">\n\t\t\n\t\t<span class=\"themestek-item-thumbnail\">\n\t\t\t<span class=\"themestek-item-thumbnail-inner\">\n\t\t\t\t<img width=\"800\" height=\"715\" src=\"http:\/\/bogaziciaritma.com\/en\/wp-content\/uploads\/sites\/2\/2020\/12\/malatya-osb-Layout1-800x715.jpg\" class=\"attachment-themestek-img-800x715 size-themestek-img-800x715 wp-post-image\" alt=\"\" loading=\"lazy\" data-id=\"7316\" \/>\n\t\t\t<\/span>\n\t\t<\/span>\t\t<div class=\"themestek-box-content themestek-overlay\">\n\t\t\t<div class=\"themestek-box-content-inner\">\t\t\t  \n\t\t\t\t<div class=\"themestek-pf-box-title\">\n\t\t\t\t\t<h3><a href=\"http:\/\/bogaziciaritma.com\/en\/portfolio\/paket-biyolojik-aritma\/\">PAKET B\u0130YOLOJ\u0130K ARITMA<\/a><\/h3>\n\t\t\t\t\t<div class=\"themestek-box-category\"><a href=\"http:\/\/bogaziciaritma.com\/en\/portfolio-category\/biyolojik-aritma\/\" rel=\"tag\">B\u0130YOLOJ\u0130K ARITMA<\/a><\/div>\n\t\t\t\t<\/div>\t\n\t\t\t\t<div class=\"themestek-icon-box themestek-media-link\">\n\t\t\t\t\t<a class=\"ts_prettyphoto\" title=\"PAKET B\u0130YOLOJ\u0130K ARITMA\" href=\"http:\/\/bogaziciaritma.com\/en\/wp-content\/uploads\/sites\/2\/2020\/12\/malatya-osb-Layout1.jpg\"><i class=\"demo-icon ts-industco-icon-resize-full\"><\/i><\/a>\t\t\t\t<\/div>\n            <\/div>\n\t\t<\/div>\n\t<\/div>\n<\/article><\/div><div class=\"ts-box-col-wrapper col-lg-4 col-sm-6 col-md-4 col-xs-12 atik-kabul-tesisi fiziksel-aritma kimyasal-aritma\"><article class=\"themestek-box themestek-box-portfolio ts-portfoliobox-style-2 themestek-box-view-overlay ts-hover-style-3\">\n\t<div class=\"themestek-post-item\">\n\t\t\n\t\t<span class=\"themestek-item-thumbnail\">\n\t\t\t<span class=\"themestek-item-thumbnail-inner\">\n\t\t\t\t<img width=\"800\" height=\"715\" src=\"http:\/\/bogaziciaritma.com\/en\/wp-content\/uploads\/sites\/2\/2020\/12\/KUM-KARBON-1-800x715.jpg\" class=\"attachment-themestek-img-800x715 size-themestek-img-800x715 wp-post-image\" alt=\"\" loading=\"lazy\" data-id=\"7155\" \/>\n\t\t\t<\/span>\n\t\t<\/span>\t\t<div class=\"themestek-box-content themestek-overlay\">\n\t\t\t<div class=\"themestek-box-content-inner\">\t\t\t  \n\t\t\t\t<div class=\"themestek-pf-box-title\">\n\t\t\t\t\t<h3><a href=\"http:\/\/bogaziciaritma.com\/en\/portfolio\/gemport-atik-kabul-tesisi\/\">GEMPORT ATIK KABUL TES\u0130S\u0130<\/a><\/h3>\n\t\t\t\t\t<div class=\"themestek-box-category\"><a href=\"http:\/\/bogaziciaritma.com\/en\/portfolio-category\/atik-kabul-tesisi\/\" rel=\"tag\">ATIK KABUL TES\u0130S\u0130<\/a>, <a href=\"http:\/\/bogaziciaritma.com\/en\/portfolio-category\/fiziksel-aritma\/\" rel=\"tag\">F\u0130Z\u0130KSEL ARITMA<\/a>, <a href=\"http:\/\/bogaziciaritma.com\/en\/portfolio-category\/kimyasal-aritma\/\" rel=\"tag\">K\u0130MYASAL ARITMA<\/a><\/div>\n\t\t\t\t<\/div>\t\n\t\t\t\t<div class=\"themestek-icon-box themestek-media-link\">\n\t\t\t\t\t<a class=\"ts_prettyphoto\" title=\"GEMPORT ATIK KABUL TES\u0130S\u0130\" href=\"http:\/\/bogaziciaritma.com\/en\/wp-content\/uploads\/sites\/2\/2020\/12\/KUM-KARBON-1.jpg\"><i class=\"demo-icon ts-industco-icon-resize-full\"><\/i><\/a>\t\t\t\t<\/div>\n            <\/div>\n\t\t<\/div>\n\t<\/div>\n<\/article><\/div><div class=\"ts-box-col-wrapper col-lg-4 col-sm-6 col-md-4 col-xs-12 atiksu-geri-kazanim kimyasal-aritma tekstil-endustrisi\"><article class=\"themestek-box themestek-box-portfolio ts-portfoliobox-style-2 themestek-box-view-overlay ts-hover-style-3\">\n\t<div class=\"themestek-post-item\">\n\t\t\n\t\t<span class=\"themestek-item-thumbnail\">\n\t\t\t<span class=\"themestek-item-thumbnail-inner\">\n\t\t\t\t<img width=\"800\" height=\"715\" src=\"http:\/\/bogaziciaritma.com\/en\/wp-content\/uploads\/sites\/2\/2020\/12\/atiksu-800x715.jpg\" class=\"attachment-themestek-img-800x715 size-themestek-img-800x715 wp-post-image\" alt=\"\" loading=\"lazy\" data-id=\"7175\" \/>\n\t\t\t<\/span>\n\t\t<\/span>\t\t<div class=\"themestek-box-content themestek-overlay\">\n\t\t\t<div class=\"themestek-box-content-inner\">\t\t\t  \n\t\t\t\t<div class=\"themestek-pf-box-title\">\n\t\t\t\t\t<h3><a href=\"http:\/\/bogaziciaritma.com\/en\/portfolio\/gelisim-tekstil-atiksu-aritma-tesisi-ve-geri-kazanim\/\">GEL\u0130\u015e\u0130M TEKST\u0130L ATIKSU ARITMA TES\u0130S\u0130 VE GER\u0130 KAZANIM<\/a><\/h3>\n\t\t\t\t\t<div class=\"themestek-box-category\"><a href=\"http:\/\/bogaziciaritma.com\/en\/portfolio-category\/atiksu-geri-kazanim\/\" rel=\"tag\">ATIKSU GER\u0130 KAZANIM<\/a>, <a href=\"http:\/\/bogaziciaritma.com\/en\/portfolio-category\/kimyasal-aritma\/\" rel=\"tag\">K\u0130MYASAL ARITMA<\/a>, <a href=\"http:\/\/bogaziciaritma.com\/en\/portfolio-category\/tekstil-endustrisi\/\" rel=\"tag\">TEKST\u0130L END\u00dcSTR\u0130S\u0130<\/a><\/div>\n\t\t\t\t<\/div>\t\n\t\t\t\t<div class=\"themestek-icon-box themestek-media-link\">\n\t\t\t\t\t<a class=\"ts_prettyphoto\" title=\"GEL\u0130\u015e\u0130M TEKST\u0130L ATIKSU ARITMA TES\u0130S\u0130 VE GER\u0130 KAZANIM\" href=\"http:\/\/bogaziciaritma.com\/en\/wp-content\/uploads\/sites\/2\/2020\/12\/atiksu.jpg\"><i class=\"demo-icon ts-industco-icon-resize-full\"><\/i><\/a>\t\t\t\t<\/div>\n            <\/div>\n\t\t<\/div>\n\t<\/div>\n<\/article><\/div><div class=\"ts-box-col-wrapper col-lg-4 col-sm-6 col-md-4 col-xs-12 kimyasal-aritma metal-endustrisi\"><article class=\"themestek-box themestek-box-portfolio ts-portfoliobox-style-2 themestek-box-view-overlay ts-hover-style-3\">\n\t<div class=\"themestek-post-item\">\n\t\t\n\t\t<span class=\"themestek-item-thumbnail\">\n\t\t\t<span class=\"themestek-item-thumbnail-inner\">\n\t\t\t\t<img width=\"800\" height=\"715\" src=\"http:\/\/bogaziciaritma.com\/en\/wp-content\/uploads\/sites\/2\/2020\/12\/20171206_131317-scaled-1-800x715.jpg\" class=\"attachment-themestek-img-800x715 size-themestek-img-800x715 wp-post-image\" alt=\"\" loading=\"lazy\" data-id=\"7301\" \/>\n\t\t\t<\/span>\n\t\t<\/span>\t\t<div class=\"themestek-box-content themestek-overlay\">\n\t\t\t<div class=\"themestek-box-content-inner\">\t\t\t  \n\t\t\t\t<div class=\"themestek-pf-box-title\">\n\t\t\t\t\t<h3><a href=\"http:\/\/bogaziciaritma.com\/en\/portfolio\/dost-cam-atiksu-aritma-tesisi-ve-geri-kazanim\/\">G\u00dcRAY MAK\u0130NE ATIKSU ARITMA TES\u0130S\u0130<\/a><\/h3>\n\t\t\t\t\t<div class=\"themestek-box-category\"><a href=\"http:\/\/bogaziciaritma.com\/en\/portfolio-category\/kimyasal-aritma\/\" rel=\"tag\">K\u0130MYASAL ARITMA<\/a>, <a href=\"http:\/\/bogaziciaritma.com\/en\/portfolio-category\/metal-endustrisi\/\" rel=\"tag\">METAL END\u00dcSTR\u0130S\u0130<\/a><\/div>\n\t\t\t\t<\/div>\t\n\t\t\t\t<div class=\"themestek-icon-box themestek-media-link\">\n\t\t\t\t\t<a class=\"ts_prettyphoto\" title=\"G\u00dcRAY MAK\u0130NE ATIKSU ARITMA TES\u0130S\u0130\" href=\"http:\/\/bogaziciaritma.com\/en\/wp-content\/uploads\/sites\/2\/2020\/12\/20171206_131317-scaled-1.jpg\"><i class=\"demo-icon ts-industco-icon-resize-full\"><\/i><\/a>\t\t\t\t<\/div>\n            <\/div>\n\t\t<\/div>\n\t<\/div>\n<\/article><\/div><div class=\"ts-box-col-wrapper col-lg-4 col-sm-6 col-md-4 col-xs-12 kimyasal-aritma metal-endustrisi\"><article class=\"themestek-box themestek-box-portfolio ts-portfoliobox-style-2 themestek-box-view-overlay ts-hover-style-3\">\n\t<div class=\"themestek-post-item\">\n\t\t\n\t\t<span class=\"themestek-item-thumbnail\">\n\t\t\t<span class=\"themestek-item-thumbnail-inner\">\n\t\t\t\t<img width=\"800\" height=\"715\" src=\"http:\/\/bogaziciaritma.com\/en\/wp-content\/uploads\/sites\/2\/2020\/12\/aksa--800x715.jpg\" class=\"attachment-themestek-img-800x715 size-themestek-img-800x715 wp-post-image\" alt=\"\" loading=\"lazy\" data-id=\"7299\" \/>\n\t\t\t<\/span>\n\t\t<\/span>\t\t<div class=\"themestek-box-content themestek-overlay\">\n\t\t\t<div class=\"themestek-box-content-inner\">\t\t\t  \n\t\t\t\t<div class=\"themestek-pf-box-title\">\n\t\t\t\t\t<h3><a href=\"http:\/\/bogaziciaritma.com\/en\/portfolio\/aksa-jenerator-atiksu-aritma-tesisi\/\">AKSA JENERAT\u00d6R ATIKSU ARITMA TES\u0130S\u0130<\/a><\/h3>\n\t\t\t\t\t<div class=\"themestek-box-category\"><a href=\"http:\/\/bogaziciaritma.com\/en\/portfolio-category\/kimyasal-aritma\/\" rel=\"tag\">K\u0130MYASAL ARITMA<\/a>, <a href=\"http:\/\/bogaziciaritma.com\/en\/portfolio-category\/metal-endustrisi\/\" rel=\"tag\">METAL END\u00dcSTR\u0130S\u0130<\/a><\/div>\n\t\t\t\t<\/div>\t\n\t\t\t\t<div class=\"themestek-icon-box themestek-media-link\">\n\t\t\t\t\t<a class=\"ts_prettyphoto\" title=\"AKSA JENERAT\u00d6R ATIKSU ARITMA TES\u0130S\u0130\" href=\"http:\/\/bogaziciaritma.com\/en\/wp-content\/uploads\/sites\/2\/2020\/12\/aksa-.jpg\"><i class=\"demo-icon ts-industco-icon-resize-full\"><\/i><\/a>\t\t\t\t<\/div>\n            <\/div>\n\t\t<\/div>\n\t<\/div>\n<\/article><\/div><div class=\"ts-box-col-wrapper col-lg-4 col-sm-6 col-md-4 col-xs-12 kimyasal-aritma tekstil-endustrisi\"><article class=\"themestek-box themestek-box-portfolio ts-portfoliobox-style-2 themestek-box-view-overlay ts-hover-style-3\">\n\t<div class=\"themestek-post-item\">\n\t\t\n\t\t<span class=\"themestek-item-thumbnail\">\n\t\t\t<span class=\"themestek-item-thumbnail-inner\">\n\t\t\t\t<img width=\"800\" height=\"715\" src=\"http:\/\/bogaziciaritma.com\/en\/wp-content\/uploads\/sites\/2\/2020\/12\/akartekstil-Layout1-800x715.jpg\" class=\"attachment-themestek-img-800x715 size-themestek-img-800x715 wp-post-image\" alt=\"\" loading=\"lazy\" data-id=\"7297\" \/>\n\t\t\t<\/span>\n\t\t<\/span>\t\t<div class=\"themestek-box-content themestek-overlay\">\n\t\t\t<div class=\"themestek-box-content-inner\">\t\t\t  \n\t\t\t\t<div class=\"themestek-pf-box-title\">\n\t\t\t\t\t<h3><a href=\"http:\/\/bogaziciaritma.com\/en\/portfolio\/akarteks-tekstil-atiksu-aritma-tesisi\/\">AKARTEKS TEKST\u0130L ATIKSU ARITMA TES\u0130S\u0130<\/a><\/h3>\n\t\t\t\t\t<div class=\"themestek-box-category\"><a href=\"http:\/\/bogaziciaritma.com\/en\/portfolio-category\/kimyasal-aritma\/\" rel=\"tag\">K\u0130MYASAL ARITMA<\/a>, <a href=\"http:\/\/bogaziciaritma.com\/en\/portfolio-category\/tekstil-endustrisi\/\" rel=\"tag\">TEKST\u0130L END\u00dcSTR\u0130S\u0130<\/a><\/div>\n\t\t\t\t<\/div>\t\n\t\t\t\t<div class=\"themestek-icon-box themestek-media-link\">\n\t\t\t\t\t<a class=\"ts_prettyphoto\" title=\"AKARTEKS TEKST\u0130L ATIKSU ARITMA TES\u0130S\u0130\" href=\"http:\/\/bogaziciaritma.com\/en\/wp-content\/uploads\/sites\/2\/2020\/12\/akartekstil-Layout1.jpg\"><i class=\"demo-icon ts-industco-icon-resize-full\"><\/i><\/a>\t\t\t\t<\/div>\n            <\/div>\n\t\t<\/div>\n\t<\/div>\n<\/article><\/div><div class=\"ts-box-col-wrapper col-lg-4 col-sm-6 col-md-4 col-xs-12 kimyasal-aritma tekstil-endustrisi\"><article class=\"themestek-box themestek-box-portfolio ts-portfoliobox-style-2 themestek-box-view-overlay ts-hover-style-3\">\n\t<div class=\"themestek-post-item\">\n\t\t\n\t\t<span class=\"themestek-item-thumbnail\">\n\t\t\t<span class=\"themestek-item-thumbnail-inner\">\n\t\t\t\t<img width=\"800\" height=\"715\" src=\"http:\/\/bogaziciaritma.com\/en\/wp-content\/uploads\/sites\/2\/2020\/12\/1-2-800x715.jpg\" class=\"attachment-themestek-img-800x715 size-themestek-img-800x715 wp-post-image\" alt=\"\" loading=\"lazy\" data-id=\"7284\" \/>\n\t\t\t<\/span>\n\t\t<\/span>\t\t<div class=\"themestek-box-content themestek-overlay\">\n\t\t\t<div class=\"themestek-box-content-inner\">\t\t\t  \n\t\t\t\t<div class=\"themestek-pf-box-title\">\n\t\t\t\t\t<h3><a href=\"http:\/\/bogaziciaritma.com\/en\/portfolio\/cefnas-tekstil-atiksu-aritma-tesisi\/\">CEFNAS TEKST\u0130L ATIKSU ARITMA TES\u0130S\u0130<\/a><\/h3>\n\t\t\t\t\t<div class=\"themestek-box-category\"><a href=\"http:\/\/bogaziciaritma.com\/en\/portfolio-category\/kimyasal-aritma\/\" rel=\"tag\">K\u0130MYASAL ARITMA<\/a>, <a href=\"http:\/\/bogaziciaritma.com\/en\/portfolio-category\/tekstil-endustrisi\/\" rel=\"tag\">TEKST\u0130L END\u00dcSTR\u0130S\u0130<\/a><\/div>\n\t\t\t\t<\/div>\t\n\t\t\t\t<div class=\"themestek-icon-box themestek-media-link\">\n\t\t\t\t\t<a class=\"ts_prettyphoto\" title=\"CEFNAS TEKST\u0130L ATIKSU ARITMA TES\u0130S\u0130\" href=\"http:\/\/bogaziciaritma.com\/en\/wp-content\/uploads\/sites\/2\/2020\/12\/1-2.jpg\"><i class=\"demo-icon ts-industco-icon-resize-full\"><\/i><\/a>\t\t\t\t<\/div>\n            <\/div>\n\t\t<\/div>\n\t<\/div>\n<\/article><\/div><div class=\"ts-box-col-wrapper col-lg-4 col-sm-6 col-md-4 col-xs-12 kimyasal-aritma tekstil-endustrisi\"><article class=\"themestek-box themestek-box-portfolio ts-portfoliobox-style-2 themestek-box-view-overlay ts-hover-style-3\">\n\t<div class=\"themestek-post-item\">\n\t\t\n\t\t<span class=\"themestek-item-thumbnail\">\n\t\t\t<span class=\"themestek-item-thumbnail-inner\">\n\t\t\t\t<img width=\"800\" height=\"715\" src=\"http:\/\/bogaziciaritma.com\/en\/wp-content\/uploads\/sites\/2\/2018\/04\/1-800x715.jpeg\" class=\"attachment-themestek-img-800x715 size-themestek-img-800x715 wp-post-image\" alt=\"\" loading=\"lazy\" data-id=\"7275\" \/>\n\t\t\t<\/span>\n\t\t<\/span>\t\t<div class=\"themestek-box-content themestek-overlay\">\n\t\t\t<div class=\"themestek-box-content-inner\">\t\t\t  \n\t\t\t\t<div class=\"themestek-pf-box-title\">\n\t\t\t\t\t<h3><a href=\"http:\/\/bogaziciaritma.com\/en\/portfolio\/bilgin-yikama-tekstil-atiksu-aritma-tesisi\/\">B\u0130LG\u0130N YIKAMA TEKST\u0130L ATIKSU ARITMA TES\u0130S\u0130<\/a><\/h3>\n\t\t\t\t\t<div class=\"themestek-box-category\"><a href=\"http:\/\/bogaziciaritma.com\/en\/portfolio-category\/kimyasal-aritma\/\" rel=\"tag\">K\u0130MYASAL ARITMA<\/a>, <a href=\"http:\/\/bogaziciaritma.com\/en\/portfolio-category\/tekstil-endustrisi\/\" rel=\"tag\">TEKST\u0130L END\u00dcSTR\u0130S\u0130<\/a><\/div>\n\t\t\t\t<\/div>\t\n\t\t\t\t<div class=\"themestek-icon-box themestek-media-link\">\n\t\t\t\t\t<a class=\"ts_prettyphoto\" title=\"B\u0130LG\u0130N YIKAMA TEKST\u0130L ATIKSU ARITMA TES\u0130S\u0130\" href=\"http:\/\/bogaziciaritma.com\/en\/wp-content\/uploads\/sites\/2\/2018\/04\/1.jpeg\"><i class=\"demo-icon ts-industco-icon-resize-full\"><\/i><\/a>\t\t\t\t<\/div>\n            <\/div>\n\t\t<\/div>\n\t<\/div>\n<\/article><\/div>\n\t\t\t<\/div>\n\t\t<\/div><!-- .themestek-boxes-inner -->   <\/div><!-- .themestek-boxes -->  [\/vc_column][\/vc_row]<\/p>\n","protected":false},"excerpt":{"rendered":"<p>[vc_row][vc_column][\/vc_column][\/vc_row]<\/p>\n","protected":false},"author":1,"featured_media":0,"parent":0,"menu_order":19,"comment_status":"closed","ping_status":"closed","template":"","meta":[],"_links":{"self":[{"href":"http:\/\/bogaziciaritma.com\/en\/wp-json\/wp\/v2\/pages\/4080"}],"collection":[{"href":"http:\/\/bogaziciaritma.com\/en\/wp-json\/wp\/v2\/pages"}],"about":[{"href":"http:\/\/bogaziciaritma.com\/en\/wp-json\/wp\/v2\/types\/page"}],"author":[{"embeddable":true,"href":"http:\/\/bogaziciaritma.com\/en\/wp-json\/wp\/v2\/users\/1"}],"replies":[{"embeddable":true,"href":"http:\/\/bogaziciaritma.com\/en\/wp-json\/wp\/v2\/comments?post=4080"}],"version-history":[{"count":1,"href":"http:\/\/bogaziciaritma.com\/en\/wp-json\/wp\/v2\/pages\/4080\/revisions"}],"predecessor-version":[{"id":7417,"href":"http:\/\/bogaziciaritma.com\/en\/wp-json\/wp\/v2\/pages\/4080\/revisions\/7417"}],"wp:attachment":[{"href":"http:\/\/bogaziciaritma.com\/en\/wp-json\/wp\/v2\/media?parent=4080"}],"curies":[{"name":"wp","href":"https:\/\/api.w.org\/{rel}","templated":true}]}}