{"id":6905,"date":"2020-11-24T15:18:47","date_gmt":"2020-11-24T12:18:47","guid":{"rendered":"http:\/\/redbrainlab.com\/bogaziciaritma\/?page_id=6905"},"modified":"2020-12-16T16:44:34","modified_gmt":"2020-12-16T13:44:34","slug":"environmental-consultancy","status":"publish","type":"page","link":"http:\/\/bogaziciaritma.com\/en\/environmental-consultancy\/","title":{"rendered":"Environmental Consultancy"},"content":{"rendered":"<p>[vc_row full_width=&#8221;stretch_row&#8221; css=&#8221;.vc_custom_1528105056741{padding-bottom: 0px !important;background-position: center !important;background-repeat: no-repeat !important;background-size: cover !important;}&#8221; el_class=&#8221;clearfix&#8221;][vc_column css=&#8221;.vc_custom_1525953377619{padding-right: 60px !important;}&#8221;]<h3 style=\"text-align:left;\" class=\"ts-custom-heading  wpb_animate_when_almost_visible wpb_fadeInUp fadeInUp \" >\u00c7EVRE Y\u00d6NET\u0130M\u0130 - \u00c7EVRE DANI\u015eMANLIK H\u0130ZMETLER\u0130<\/h3>\n[\/vc_column][\/vc_row][vc_row full_width=&#8221;stretch_row&#8221; css_animation=&#8221;fadeInUp&#8221; css=&#8221;.vc_custom_1607085105031{padding-top: 20px !important;padding-bottom: 30px !important;}&#8221;][vc_column][vc_tta_accordion shape=&#8221;square&#8221; active_section=&#8221;1&#8243;][vc_tta_section title=&#8221;\u00c7evre Y\u00f6netimi-\u00c7evre Dan\u0131\u015fmanl\u0131k Hizmeti&#8221; tab_id=&#8221;1531991913540-7d2b05ec-784c&#8221;][vc_row_inner][vc_column_inner][vc_column_text]30.07.2019 tarihli ve 30847 say\u0131l\u0131 Resmi Gazetede yay\u0131mlanan \u00c7evre Y\u00f6netimi Hizmetleri Hakk\u0131nda Y\u00f6netmelik kapsam\u0131nda;<\/p>\n<ul>\n<li>\u00c7evre Mevzuat\u0131 kapsam\u0131nda tesislerin y\u00fck\u00fcml\u00fcl\u00fcklerini takip etmek<\/li>\n<li>Tesislere d\u00fczenli ziyaretlerle dan\u0131\u015fmanl\u0131k hizmeti vermek.<\/li>\n<li>Ayl\u0131k faaliyet raporlar\u0131n\u0131 haz\u0131rlamak<\/li>\n<li>Tesislerin Entegre \u00c7evre Bilgi Sistemine kay\u0131tlar\u0131n\u0131 yapmak<\/li>\n<li>\u00c7evre ve At\u0131k konular\u0131nda e\u011fitim hizmetleri sunmak<\/li>\n<li>\u0130\u00e7 Tetkik Raporu Haz\u0131rlamak<\/li>\n<\/ul>\n<p>[\/vc_column_text][\/vc_column_inner][\/vc_row_inner][\/vc_tta_section][vc_tta_section title=&#8221;\u00c7evre \u0130zin ve Lisans Belgesi&#8221; tab_id=&#8221;1531991913870-a4a67c26-35b0&#8243;][vc_row_inner][vc_column_inner][vc_column_text]2872 Say\u0131l\u0131 \u00c7evre Kanunu ve bu kanuna ba\u011fl\u0131 olarak \u00e7\u0131kar\u0131lan y\u00f6netmelikler, tebli\u011fler kapsam\u0131nda tesislere gerekli izin ve lisans belgelerini almak.<\/p>\n<ul>\n<li>Hava Emisyon \u0130zni<\/li>\n<li>\u00c7evresel G\u00fcr\u00fclt\u00fc \u0130zni<\/li>\n<li>Derin Deniz De\u015farj\u0131<\/li>\n<li>At\u0131ksu De\u015farj\u0131 \u0130zni<\/li>\n<li>Tehlikeli\/Tehlikesiz At\u0131k Geri Kazan\u0131m Lisans\u0131<\/li>\n<li>At\u0131k Ya\u011f Geri Kazan\u0131m Lisans\u0131<\/li>\n<li>Bitkisel At\u0131k Ya\u011f Geri Kazan\u0131m Lisans\u0131<\/li>\n<li>At\u0131k Pil ve Ak\u00fcm\u00fclat\u00f6r Geri Kazan\u0131m Lisans\u0131<\/li>\n<li>\u00d6mr\u00fcn\u00fc Tamamlam\u0131\u015f Lastik Geri Kazan\u0131m Lisans\u0131<\/li>\n<li>Ambalaj At\u0131\u011f\u0131 Geri Kazan\u0131m Lisans\u0131<\/li>\n<li>Tehlikesiz At\u0131k \u2013 Ambalaj At\u0131\u011f\u0131 Toplama Ay\u0131rma Belgesi<\/li>\n<li>Tehlikeli At\u0131k Ta\u015f\u0131ma Ara\u00e7 \/ Firma Lisanlar\u0131<\/li>\n<li>At\u0131k \u0130thalat\/\u0130hracat \u0130zinleri<\/li>\n<li>At\u0131k Yakma ve Beraber Yakma<\/li>\n<li>\u0130leri Termal \u0130\u015flem Tesisleri (Gazla\u015ft\u0131rma, Piroliz)<\/li>\n<li>At\u0131k D\u00fczenli ve Ara Depolama<\/li>\n<li>Maden At\u0131\u011f\u0131 Bertaraf<\/li>\n<li>T\u0131bb\u0131 At\u0131k Sterilizasyon<\/li>\n<li>\u00d6mr\u00fcn\u00fc Tamamlam\u0131\u015f Ara\u00e7 Ara Depolama- \u0130\u015fleme<\/li>\n<li>At\u0131ktan T\u00fcretilmi\u015f Yak\u0131t Haz\u0131rlama Tesisi<\/li>\n<li>Gemi Geri D\u00f6n\u00fc\u015f\u00fcm Tesisi<\/li>\n<li>Tanker Temizleme \u0130\u015fleme Lisans\u0131<\/li>\n<li>At\u0131k Elektrikli Elektronik E\u015fya \u0130\u015fleme Lisans\u0131<\/li>\n<li>Biyobozunur At\u0131k \u0130\u015fleme Lisans\u0131<\/li>\n<li>Kat\u0131 yak\u0131t ithalat\u0131 uygunluk belgesi<\/li>\n<\/ul>\n<p>[\/vc_column_text][\/vc_column_inner][\/vc_row_inner][\/vc_tta_section][vc_tta_section title=&#8221;\u00c7evresel Etki De\u011ferlendirmesi (\u00c7ED) Belgesi&#8221; tab_id=&#8221;1531991914185-e63a5d28-9b56&#8243;][vc_row_inner][vc_column_inner][vc_column_text]<\/p>\n<ul>\n<li>Tesislere \u00c7evresel Etki De\u011ferlendirmesi Y\u00f6netmeli\u011fi kapsam\u0131nda \u00c7ED yaz\u0131s\u0131 almak.<\/li>\n<\/ul>\n<p>[\/vc_column_text][\/vc_column_inner][\/vc_row_inner][\/vc_tta_section][vc_tta_section title=&#8221;De\u015farj \u0130zin Belgesi\/ At\u0131ksu G\u00f6r\u00fc\u015f Yaz\u0131s\u0131&#8221; tab_id=&#8221;1606220070436-fca5894d-770f&#8221;][vc_column_text]<\/p>\n<ul>\n<li>\u0130lgili Belediyeden \/ OSB den at\u0131ksu kanal ba\u011flant\u0131 izni almak.<\/li>\n<li>At\u0131ksu Bilgi Sistemi kay\u0131tlar\u0131n\u0131n takibi<\/li>\n<li>Ar\u0131tma tesisi dan\u0131\u015fmanl\u0131\u011f\u0131<\/li>\n<\/ul>\n<p>[\/vc_column_text][\/vc_tta_section][vc_tta_section title=&#8221;At\u0131k Y\u00f6netim Sistemi Hizmetleri&#8221; tab_id=&#8221;1606220141984-9074a18c-8044&#8243;][vc_column_text]<\/p>\n<ul>\n<li>Tesislere at\u0131k y\u00f6netim plan\u0131 olu\u015fturmak ve onay yaz\u0131s\u0131 almak<\/li>\n<li>Tesislere at\u0131k ge\u00e7ici depolama izni almak<\/li>\n<li>Tesislerde tehlikeli tehlikesiz at\u0131klar\u0131n ayr\u0131\u015ft\u0131r\u0131lmas\u0131 konusunda \u00e7al\u0131\u015fmalar yapmak<\/li>\n<li>At\u0131k g\u00f6nderim i\u015flemleri \u2013 MOTAT At\u0131k ta\u015f\u0131ma taleplerinin olu\u015fturulmas\u0131<\/li>\n<li>K\u00fctle Denge Sistemi Giri\u015fleri<\/li>\n<li>Lisansl\u0131 firmalarla tehlikeli\/tehlikesiz at\u0131k s\u00f6zle\u015fmelerinin yap\u0131lmas\u0131<\/li>\n<li>Tehlikeli Tehlikesiz At\u0131k\/Ambalaj Beyanlar\u0131n\u0131n Yap\u0131lmas\u0131<\/li>\n<li>BEKRA Beyanlar\u0131n\u0131n Yap\u0131lmas\u0131<\/li>\n<li>Toprak Kirlili\u011fi \/ Kirlenmi\u015f Sahalar Beyanlar\u0131n\u0131n Yap\u0131lmas\u0131<\/li>\n<\/ul>\n<p>[\/vc_column_text][\/vc_tta_section][vc_tta_section title=&#8221;S\u0131f\u0131r At\u0131k Belgesi Hizmetleri&#8221; tab_id=&#8221;1606220165377-74c49cf8-8847&#8243;][vc_column_text]<\/p>\n<ul>\n<li>Tesislerin S\u0131f\u0131r At\u0131k Y\u00f6netmeli\u011fi kapsam\u0131nda at\u0131klar\u0131n ayr\u0131\u015ft\u0131r\u0131lmas\u0131<\/li>\n<li>S\u0131f\u0131r At\u0131k e\u011fitimi verilmesi<\/li>\n<li>S\u0131f\u0131r At\u0131k Belgelerini al\u0131nmas\u0131<\/li>\n<\/ul>\n<p>[\/vc_column_text][\/vc_tta_section][vc_tta_section title=&#8221;Geri Kazan\u0131m Kat\u0131l\u0131m Pay\u0131 (GEKAP) Y\u00fck\u00fcml\u00fcl\u00fck Hizmetleri&#8221; tab_id=&#8221;1606220190876-272633fd-958b&#8221;][vc_column_text]<\/p>\n<ul>\n<li>Geri Kazan\u0131m Kat\u0131l\u0131m Pay\u0131na \u0130li\u015fkin Y\u00f6netmelik kapsam\u0131nda tesislerin geri kazan\u0131m tutarlar\u0131n\u0131 hesaplamak ve onaylamak.<\/li>\n<\/ul>\n<p>[\/vc_column_text][\/vc_tta_section][vc_tta_section title=&#8221;Motor Ya\u011f\u0131 De\u011fi\u015fim Belgesi Hizmeti&#8221; tab_id=&#8221;1606220226165-7fb52d24-e6ef&#8221;][vc_column_text]<\/p>\n<ul>\n<li>At\u0131k Ya\u011flar\u0131n Y\u00f6netimi Y\u00f6netmeli\u011fi kapsam\u0131nda at\u0131k ya\u011f \u00fcreticilerine \u201cMotor Ya\u011f\u0131 De\u011fi\u015fimi \u0130zin Belgesi\u201d almak.<\/li>\n<\/ul>\n<p>[\/vc_column_text][\/vc_tta_section][vc_tta_section title=&#8221;Dip Tarama Malzemesinin \u00c7evresel Y\u00f6netimi Hizmeti&#8221; tab_id=&#8221;1606220270501-7cc3dd7c-bd85&#8243;][vc_column_text]<\/p>\n<ul>\n<li>Dip Tarama Malzemesinin \u00c7evresel Y\u00f6netimi Y\u00f6netmeli\u011fi kapsam\u0131nda deniz ve k\u0131y\u0131 alanlar\u0131 ile nehir a\u011f\u0131zlar\u0131nda ger\u00e7ekle\u015ftirilecek faaliyetlere ili\u015fkin gerekli raporlar\u0131 haz\u0131rlamak ve izinleri almak.<\/li>\n<\/ul>\n<p>[\/vc_column_text][\/vc_tta_section][vc_tta_section title=&#8221;Temiz \u00dcretim Plan\u0131 Hizmetleri&#8221; tab_id=&#8221;1606220296004-69316425-1bb0&#8243;][vc_column_text]<\/p>\n<ul>\n<li>Tekstil Sekt\u00f6r\u00fcnde Entegre Kirlilik \u00d6nleme ve Kontrol Tebli\u011fi kapsam\u0131nda tesislere temiz \u00fcretim plan\u0131 haz\u0131rlamak ve onay yaz\u0131s\u0131 almak.<\/li>\n<\/ul>\n<p>[\/vc_column_text][\/vc_tta_section][\/vc_tta_accordion][\/vc_column][\/vc_row]<\/p>\n","protected":false},"excerpt":{"rendered":"<p>[vc_row full_width=&#8221;stretch_row&#8221; css=&#8221;.vc_custom_1528105056741{padding-bottom: 0px !important;background-position: center !important;background-repeat: no-repeat !important;background-size: cover !important;}&#8221; el_class=&#8221;clearfix&#8221;][vc_column css=&#8221;.vc_custom_1525953377619{padding-right: 60px !important;}&#8221;][\/vc_column][\/vc_row][vc_row full_width=&#8221;stretch_row&#8221; css_animation=&#8221;fadeInUp&#8221; css=&#8221;.vc_custom_1607085105031{padding-top: 20px !important;padding-bottom: 30px !important;}&#8221;][vc_column][vc_tta_accordion shape=&#8221;square&#8221; active_section=&#8221;1&#8243;][vc_tta_section title=&#8221;\u00c7evre Y\u00f6netimi-\u00c7evre Dan\u0131\u015fmanl\u0131k Hizmeti&#8221; tab_id=&#8221;1531991913540-7d2b05ec-784c&#8221;][vc_row_inner][vc_column_inner][vc_column_text]30.07.2019 tarihli ve 30847 say\u0131l\u0131 Resmi Gazetede yay\u0131mlanan \u00c7evre Y\u00f6netimi Hizmetleri Hakk\u0131nda Y\u00f6netmelik kapsam\u0131nda; \u00c7evre Mevzuat\u0131 kapsam\u0131nda tesislerin y\u00fck\u00fcml\u00fcl\u00fcklerini takip etmek Tesislere d\u00fczenli ziyaretlerle dan\u0131\u015fmanl\u0131k hizmeti vermek. &hellip; <a href=\"http:\/\/bogaziciaritma.com\/en\/environmental-consultancy\/\" class=\"more-link\">Continue reading <span class=\"screen-reader-text\">Environmental Consultancy<\/span><\/a><\/p>\n","protected":false},"author":1,"featured_media":0,"parent":0,"menu_order":0,"comment_status":"closed","ping_status":"closed","template":"","meta":[],"_links":{"self":[{"href":"http:\/\/bogaziciaritma.com\/en\/wp-json\/wp\/v2\/pages\/6905"}],"collection":[{"href":"http:\/\/bogaziciaritma.com\/en\/wp-json\/wp\/v2\/pages"}],"about":[{"href":"http:\/\/bogaziciaritma.com\/en\/wp-json\/wp\/v2\/types\/page"}],"author":[{"embeddable":true,"href":"http:\/\/bogaziciaritma.com\/en\/wp-json\/wp\/v2\/users\/1"}],"replies":[{"embeddable":true,"href":"http:\/\/bogaziciaritma.com\/en\/wp-json\/wp\/v2\/comments?post=6905"}],"version-history":[{"count":1,"href":"http:\/\/bogaziciaritma.com\/en\/wp-json\/wp\/v2\/pages\/6905\/revisions"}],"predecessor-version":[{"id":7421,"href":"http:\/\/bogaziciaritma.com\/en\/wp-json\/wp\/v2\/pages\/6905\/revisions\/7421"}],"wp:attachment":[{"href":"http:\/\/bogaziciaritma.com\/en\/wp-json\/wp\/v2\/media?parent=6905"}],"curies":[{"name":"wp","href":"https:\/\/api.w.org\/{rel}","templated":true}]}}