{"id":6933,"date":"2020-11-26T18:59:02","date_gmt":"2020-11-26T15:59:02","guid":{"rendered":"http:\/\/redbrainlab.com\/bogaziciaritma\/?page_id=6933"},"modified":"2020-11-26T18:59:02","modified_gmt":"2020-11-26T15:59:02","slug":"hizmetler","status":"publish","type":"page","link":"http:\/\/bogaziciaritma.com\/en\/hizmetler\/","title":{"rendered":"Hizmetler"},"content":{"rendered":"<p>[vc_row full_width=&#8221;stretch_row&#8221; css=&#8221;.vc_custom_1528105056741{padding-bottom: 0px !important;background-position: center !important;background-repeat: no-repeat !important;background-size: cover !important;}&#8221; el_class=&#8221;clearfix&#8221;][vc_column css=&#8221;.vc_custom_1525953377619{padding-right: 60px !important;}&#8221;]<h3 style=\"text-align:left;\" class=\"ts-custom-heading  wpb_animate_when_almost_visible wpb_fadeInUp fadeInUp \" >Hizmetlerimiz<\/h3>\n[\/vc_column][\/vc_row][vc_row full_width=&#8221;stretch_row&#8221; css_animation=&#8221;fadeInUp&#8221; css=&#8221;.vc_custom_1607085232599{padding-top: 20px !important;padding-bottom: 30px !important;}&#8221;][vc_column][vc_tta_accordion shape=&#8221;square&#8221; active_section=&#8221;1&#8243;][vc_tta_section title=&#8221;Projelendirme&#8221; tab_id=&#8221;1531991913540-7d2b05ec-784c&#8221;][vc_row_inner][vc_column_inner][vc_column_text]Uzman kadromuzla, m\u00fc\u015fterinin istedi\u011fi \u00fcr\u00fcnleri se\u00e7ip projelendirerek hizmet vermekteyiz.[\/vc_column_text][\/vc_column_inner][\/vc_row_inner][\/vc_tta_section][vc_tta_section title=&#8221;S\u00fcperviz\u00f6rl\u00fck&#8221; tab_id=&#8221;1531991913870-a4a67c26-35b0&#8243;][vc_row_inner][vc_column_inner][vc_column_text]M\u00fc\u015fterilerimizin istekleri do\u011frultusunda i\u015fletmenizin ya da tesisinizin kurulum veya kurulum sonras\u0131 hizmet vermekteyiz.[\/vc_column_text][\/vc_column_inner][\/vc_row_inner][\/vc_tta_section][vc_tta_section title=&#8221;Teknik Servis Bak\u0131m Hizmeti&#8221; tab_id=&#8221;1531991914185-e63a5d28-9b56&#8243;][vc_row_inner][vc_column_inner][vc_column_text]Uzman teknik kadromuz ile i\u015fletmeniz i\u00e7erisinde bulunan su ar\u0131tma sistemleri ile ilgili ayl\u0131k ya da y\u0131ll\u0131k bak\u0131m hizmeti vermekteyiz.[\/vc_column_text][\/vc_column_inner][\/vc_row_inner][\/vc_tta_section][vc_tta_section title=&#8221;Kurulum ve Montaj&#8221; tab_id=&#8221;1606220070436-fca5894d-770f&#8221;][vc_column_text]M\u00fc\u015fterilerimizin alm\u0131\u015f oldu\u011fu sistemlerin montaj\u0131n\u0131 uzman ekibimiz taraf\u0131ndan yaparak sistemlerin sa\u011fl\u0131kl\u0131 \u00e7al\u0131\u015fmas\u0131 i\u00e7in montaj sonras\u0131 kullan\u0131m e\u011fitimi vermekteyiz.[\/vc_column_text][\/vc_tta_section][vc_tta_section title=&#8221;Proje ve Teknik \u015eartname&#8221; tab_id=&#8221;1606220141984-9074a18c-8044&#8243;][vc_column_text]M\u00fc\u015fterilerimizin istekleri do\u011frultusunda i\u015fletmenin ihtiyac\u0131 olan sistemlerin ve teknik \u015fartnamesinin olu\u015fturulmas\u0131 firmam\u0131z taraf\u0131ndan yap\u0131labilir.[\/vc_column_text][\/vc_tta_section][vc_tta_section title=&#8221;Anahtar Teslim Ar\u0131tma Tesisleri&#8221; tab_id=&#8221;1606220165377-74c49cf8-8847&#8243;][vc_column_text]M\u00fc\u015fterilerimizin ihtiya\u00e7lar\u0131 do\u011frultusunda i\u015fletmenin kapasitesine g\u00f6re projelendirilip tesis i\u00e7in gerekli olan sistemlerin kurulumu , otomasyon ve devreye alma i\u015flemi hizmetini vermekteyiz.[\/vc_column_text][\/vc_tta_section][vc_tta_section title=&#8221;Malzeme Tedari\u011fi ve Yedek Par\u00e7a&#8221; tab_id=&#8221;1606220190876-272633fd-958b&#8221;][vc_column_text]\u0130\u015fletmenizde kurulmu\u015f olan su ar\u0131tma cihaz\u0131 ve ar\u0131tma ile ilgili olan t\u00fcm ar\u0131tma sistemlerinin yedek par\u00e7alar\u0131 temin edilmektedir.[\/vc_column_text][\/vc_tta_section][vc_tta_section title=&#8221;\u00c7evre Dan\u0131\u015fmanl\u0131k Hizmetleri&#8221; tab_id=&#8221;1606220226165-7fb52d24-e6ef&#8221;][vc_column_text]Bo\u011fazi\u00e7i Ar\u0131tma ve \u00c7evre Dan\u0131\u015fmanl\u0131k Hizmetleri San. ve Tic. Ltd. \u015eti firmas\u0131 olarak uzman kadrosuyla \u00c7evre Y\u00f6netimi Hizmetleri Hakk\u0131nda Y\u00f6netmelik kapsam\u0131nda \u00e7\u00f6z\u00fcm orta\u011f\u0131 olarak sizlere hizmet vermekteyiz.[\/vc_column_text][\/vc_tta_section][\/vc_tta_accordion][\/vc_column][\/vc_row]<\/p>\n","protected":false},"excerpt":{"rendered":"<p>[vc_row full_width=&#8221;stretch_row&#8221; css=&#8221;.vc_custom_1528105056741{padding-bottom: 0px !important;background-position: center !important;background-repeat: no-repeat !important;background-size: cover !important;}&#8221; el_class=&#8221;clearfix&#8221;][vc_column css=&#8221;.vc_custom_1525953377619{padding-right: 60px !important;}&#8221;][\/vc_column][\/vc_row][vc_row full_width=&#8221;stretch_row&#8221; css_animation=&#8221;fadeInUp&#8221; css=&#8221;.vc_custom_1607085232599{padding-top: 20px !important;padding-bottom: 30px !important;}&#8221;][vc_column][vc_tta_accordion shape=&#8221;square&#8221; active_section=&#8221;1&#8243;][vc_tta_section title=&#8221;Projelendirme&#8221; tab_id=&#8221;1531991913540-7d2b05ec-784c&#8221;][vc_row_inner][vc_column_inner][vc_column_text]Uzman kadromuzla, m\u00fc\u015fterinin istedi\u011fi \u00fcr\u00fcnleri se\u00e7ip projelendirerek hizmet vermekteyiz.[\/vc_column_text][\/vc_column_inner][\/vc_row_inner][\/vc_tta_section][vc_tta_section title=&#8221;S\u00fcperviz\u00f6rl\u00fck&#8221; tab_id=&#8221;1531991913870-a4a67c26-35b0&#8243;][vc_row_inner][vc_column_inner][vc_column_text]M\u00fc\u015fterilerimizin istekleri do\u011frultusunda i\u015fletmenizin ya da tesisinizin kurulum veya kurulum sonras\u0131 hizmet vermekteyiz.[\/vc_column_text][\/vc_column_inner][\/vc_row_inner][\/vc_tta_section][vc_tta_section title=&#8221;Teknik Servis Bak\u0131m Hizmeti&#8221; tab_id=&#8221;1531991914185-e63a5d28-9b56&#8243;][vc_row_inner][vc_column_inner][vc_column_text]Uzman teknik kadromuz &hellip; <a href=\"http:\/\/bogaziciaritma.com\/en\/hizmetler\/\" class=\"more-link\">Continue reading <span class=\"screen-reader-text\">Hizmetler<\/span><\/a><\/p>\n","protected":false},"author":1,"featured_media":0,"parent":0,"menu_order":0,"comment_status":"closed","ping_status":"closed","template":"","meta":[],"_links":{"self":[{"href":"http:\/\/bogaziciaritma.com\/en\/wp-json\/wp\/v2\/pages\/6933"}],"collection":[{"href":"http:\/\/bogaziciaritma.com\/en\/wp-json\/wp\/v2\/pages"}],"about":[{"href":"http:\/\/bogaziciaritma.com\/en\/wp-json\/wp\/v2\/types\/page"}],"author":[{"embeddable":true,"href":"http:\/\/bogaziciaritma.com\/en\/wp-json\/wp\/v2\/users\/1"}],"replies":[{"embeddable":true,"href":"http:\/\/bogaziciaritma.com\/en\/wp-json\/wp\/v2\/comments?post=6933"}],"version-history":[{"count":0,"href":"http:\/\/bogaziciaritma.com\/en\/wp-json\/wp\/v2\/pages\/6933\/revisions"}],"wp:attachment":[{"href":"http:\/\/bogaziciaritma.com\/en\/wp-json\/wp\/v2\/media?parent=6933"}],"curies":[{"name":"wp","href":"https:\/\/api.w.org\/{rel}","templated":true}]}}