{"id":7046,"date":"2020-11-30T17:20:25","date_gmt":"2020-11-30T14:20:25","guid":{"rendered":"http:\/\/redbrainlab.com\/bogaziciaritma\/?page_id=7046"},"modified":"2020-11-30T17:20:25","modified_gmt":"2020-11-30T14:20:25","slug":"tambur-elek","status":"publish","type":"page","link":"http:\/\/bogaziciaritma.com\/en\/tambur-elek\/","title":{"rendered":"Tambur Elek"},"content":{"rendered":"<p>[vc_row css_animation=&#8221;fadeInUp&#8221;][vc_column]<h4 style=\"text-align:left;\" class=\"ts-custom-heading \" >\u0130\u00e7ten Ak\u0131\u015fl\u0131 Tambur Elek<\/h4>\n[vc_column_text]K\u00fc\u00e7\u00fck boyutlardaki kat\u0131 at\u0131klar\u0131n sudan ar\u0131nd\u0131r\u0131lmas\u0131 amac\u0131 ile \u00fcretilmi\u015f olan bir at\u0131k su ar\u0131tma prosesidir.<\/p>\n<p><strong>\u0130\u00e7ten ak\u0131\u015fl\u0131 tambur elekler;<\/strong><\/p>\n<p>Evsel at\u0131ksularda, end\u00fcstriyel at\u0131ksularda, deri end\u00fcstrisinde, g\u0131da end\u00fcstrisinde, tekstil ve ka\u011f\u0131t end\u00fcstrisinde g\u00fcvenle uygulanabilir eleklerdir.[\/vc_column_text][vc_row_inner css_animation=&#8221;fadeInUp&#8221;][vc_column_inner][vc_single_image image=&#8221;7042&#8243; img_size=&#8221;large&#8221;][\/vc_column_inner][\/vc_row_inner]<h4 style=\"text-align:left;\" class=\"ts-custom-heading \" >D\u0131\u015ftan Ak\u0131\u015fl\u0131 Tambur Elek<\/h4>\n[vc_column_text]K\u00fc\u00e7\u00fck boyutlardaki kat\u0131 at\u0131klar\u0131n sudan ar\u0131nd\u0131r\u0131lmas\u0131 amac\u0131 ile \u00fcretilmi\u015f olan bir at\u0131k su ar\u0131tma prosesidir. D\u0131\u015ftan ak\u0131\u015fl\u0131 tambur elekler;<\/p>\n<p>Evsel at\u0131ksularda, end\u00fcstriyel at\u0131ksularda, deri end\u00fcstrisinde, g\u0131da end\u00fcstrisinde, tekstil ve ka\u011f\u0131t end\u00fcstrisinde g\u00fcvenle uygulanabilir eleklerdir.[\/vc_column_text][vc_row_inner css_animation=&#8221;fadeInUp&#8221;][vc_column_inner][vc_single_image image=&#8221;7043&#8243; img_size=&#8221;large&#8221;][\/vc_column_inner][\/vc_row_inner][\/vc_column][\/vc_row][vc_row css_animation=&#8221;fadeInUp&#8221;][vc_column][vc_video link=&#8221;https:\/\/www.youtube.com\/watch?v=vztrJZCwZq4&#8243; css_animation=&#8221;fadeInUp&#8221; title=&#8221;Video&#8221;][\/vc_column][\/vc_row]<\/p>\n","protected":false},"excerpt":{"rendered":"<p>[vc_row css_animation=&#8221;fadeInUp&#8221;][vc_column][vc_column_text]K\u00fc\u00e7\u00fck boyutlardaki kat\u0131 at\u0131klar\u0131n sudan ar\u0131nd\u0131r\u0131lmas\u0131 amac\u0131 ile \u00fcretilmi\u015f olan bir at\u0131k su ar\u0131tma prosesidir. \u0130\u00e7ten ak\u0131\u015fl\u0131 tambur elekler; Evsel at\u0131ksularda, end\u00fcstriyel at\u0131ksularda, deri end\u00fcstrisinde, g\u0131da end\u00fcstrisinde, tekstil ve ka\u011f\u0131t end\u00fcstrisinde g\u00fcvenle uygulanabilir eleklerdir.[\/vc_column_text][vc_row_inner css_animation=&#8221;fadeInUp&#8221;][vc_column_inner][vc_single_image image=&#8221;7042&#8243; img_size=&#8221;large&#8221;][\/vc_column_inner][\/vc_row_inner][vc_column_text]K\u00fc\u00e7\u00fck boyutlardaki kat\u0131 at\u0131klar\u0131n sudan ar\u0131nd\u0131r\u0131lmas\u0131 amac\u0131 ile \u00fcretilmi\u015f olan bir at\u0131k su ar\u0131tma prosesidir. D\u0131\u015ftan ak\u0131\u015fl\u0131 tambur &hellip; <a href=\"http:\/\/bogaziciaritma.com\/en\/tambur-elek\/\" class=\"more-link\">Continue reading <span class=\"screen-reader-text\">Tambur Elek<\/span><\/a><\/p>\n","protected":false},"author":1,"featured_media":0,"parent":0,"menu_order":0,"comment_status":"closed","ping_status":"closed","template":"","meta":[],"_links":{"self":[{"href":"http:\/\/bogaziciaritma.com\/en\/wp-json\/wp\/v2\/pages\/7046"}],"collection":[{"href":"http:\/\/bogaziciaritma.com\/en\/wp-json\/wp\/v2\/pages"}],"about":[{"href":"http:\/\/bogaziciaritma.com\/en\/wp-json\/wp\/v2\/types\/page"}],"author":[{"embeddable":true,"href":"http:\/\/bogaziciaritma.com\/en\/wp-json\/wp\/v2\/users\/1"}],"replies":[{"embeddable":true,"href":"http:\/\/bogaziciaritma.com\/en\/wp-json\/wp\/v2\/comments?post=7046"}],"version-history":[{"count":0,"href":"http:\/\/bogaziciaritma.com\/en\/wp-json\/wp\/v2\/pages\/7046\/revisions"}],"wp:attachment":[{"href":"http:\/\/bogaziciaritma.com\/en\/wp-json\/wp\/v2\/media?parent=7046"}],"curies":[{"name":"wp","href":"https:\/\/api.w.org\/{rel}","templated":true}]}}