{"id":7062,"date":"2020-11-30T17:28:49","date_gmt":"2020-11-30T14:28:49","guid":{"rendered":"http:\/\/redbrainlab.com\/bogaziciaritma\/?page_id=7062"},"modified":"2020-11-30T17:28:49","modified_gmt":"2020-11-30T14:28:49","slug":"daf-uniteleri","status":"publish","type":"page","link":"http:\/\/bogaziciaritma.com\/en\/daf-uniteleri\/","title":{"rendered":"DAF \u00dcniteleri"},"content":{"rendered":"<p>[vc_row][vc_column]<h4 style=\"text-align:left;\" class=\"ts-custom-heading  wpb_animate_when_almost_visible wpb_fadeInUp fadeInUp \" >DAF \u00dcniteleri<\/h4>\n[vc_column_text css_animation=&#8221;fadeInUp&#8221;]Ba\u015fta ya\u011f olmak \u00fczere, at\u0131ksu i\u00e7erisinde bulunan kirleticilerin mikro kabarc\u0131k ile y\u00fczd\u00fcr\u00fclerek at\u0131ksudan ayr\u0131lmas\u0131d\u0131r.<\/p>\n<p>Mikro kabarc\u0131klar, ar\u0131t\u0131lm\u0131\u015f suyun belirli bir k\u0131sm\u0131n\u0131n al\u0131narak bas\u0131n\u00e7 alt\u0131nda havan\u0131n su i\u00e7erisinde \u00e7\u00f6z\u00fcnmesi ile olu\u015fturulur. \u00c7\u00f6z\u00fcnm\u00fc\u015f hava tekrardan DAF sistemi i\u00e7erisine geri sirk\u00fcle edilerek, flok tanecikleri ile temas\u0131 sonucunda floklar y\u00fczeyde biriktirilir. A\u011f\u0131r olan partik\u00fcller ise dibe \u00e7\u00f6kelir. Y\u00fczeyde biriken k\u00f6p\u00fck ve dipteki \u00e7amurlar, \u00e7amur susuzla\u015ft\u0131rma \u00fcnitelerine al\u0131n\u0131r. Ar\u0131t\u0131lm\u0131\u015f sular, cazibesi ile \u00e7\u0131k\u0131\u015f sava\u011f\u0131ndan de\u015farj edilir.[\/vc_column_text][vc_row_inner][vc_column_inner][vc_single_image image=&#8221;7063&#8243; img_size=&#8221;large&#8221; css_animation=&#8221;fadeInUp&#8221;][\/vc_column_inner][\/vc_row_inner][\/vc_column][\/vc_row]<\/p>\n","protected":false},"excerpt":{"rendered":"<p>[vc_row][vc_column][vc_column_text css_animation=&#8221;fadeInUp&#8221;]Ba\u015fta ya\u011f olmak \u00fczere, at\u0131ksu i\u00e7erisinde bulunan kirleticilerin mikro kabarc\u0131k ile y\u00fczd\u00fcr\u00fclerek at\u0131ksudan ayr\u0131lmas\u0131d\u0131r. Mikro kabarc\u0131klar, ar\u0131t\u0131lm\u0131\u015f suyun belirli bir k\u0131sm\u0131n\u0131n al\u0131narak bas\u0131n\u00e7 alt\u0131nda havan\u0131n su i\u00e7erisinde \u00e7\u00f6z\u00fcnmesi ile olu\u015fturulur. \u00c7\u00f6z\u00fcnm\u00fc\u015f hava tekrardan DAF sistemi i\u00e7erisine geri sirk\u00fcle edilerek, flok tanecikleri ile temas\u0131 sonucunda floklar y\u00fczeyde biriktirilir. A\u011f\u0131r olan partik\u00fcller ise dibe \u00e7\u00f6kelir. Y\u00fczeyde &hellip; <a href=\"http:\/\/bogaziciaritma.com\/en\/daf-uniteleri\/\" class=\"more-link\">Continue reading <span class=\"screen-reader-text\">DAF \u00dcniteleri<\/span><\/a><\/p>\n","protected":false},"author":1,"featured_media":0,"parent":0,"menu_order":0,"comment_status":"closed","ping_status":"closed","template":"","meta":[],"_links":{"self":[{"href":"http:\/\/bogaziciaritma.com\/en\/wp-json\/wp\/v2\/pages\/7062"}],"collection":[{"href":"http:\/\/bogaziciaritma.com\/en\/wp-json\/wp\/v2\/pages"}],"about":[{"href":"http:\/\/bogaziciaritma.com\/en\/wp-json\/wp\/v2\/types\/page"}],"author":[{"embeddable":true,"href":"http:\/\/bogaziciaritma.com\/en\/wp-json\/wp\/v2\/users\/1"}],"replies":[{"embeddable":true,"href":"http:\/\/bogaziciaritma.com\/en\/wp-json\/wp\/v2\/comments?post=7062"}],"version-history":[{"count":0,"href":"http:\/\/bogaziciaritma.com\/en\/wp-json\/wp\/v2\/pages\/7062\/revisions"}],"wp:attachment":[{"href":"http:\/\/bogaziciaritma.com\/en\/wp-json\/wp\/v2\/media?parent=7062"}],"curies":[{"name":"wp","href":"https:\/\/api.w.org\/{rel}","templated":true}]}}