{"id":7066,"date":"2020-11-30T17:30:42","date_gmt":"2020-11-30T14:30:42","guid":{"rendered":"http:\/\/redbrainlab.com\/bogaziciaritma\/?page_id=7066"},"modified":"2020-11-30T17:30:42","modified_gmt":"2020-11-30T14:30:42","slug":"yag-ayirma-sistemleri","status":"publish","type":"page","link":"http:\/\/bogaziciaritma.com\/en\/yag-ayirma-sistemleri\/","title":{"rendered":"Ya\u011f Ay\u0131rma Sistemleri"},"content":{"rendered":"<p>[vc_row css_animation=&#8221;fadeInUp&#8221;][vc_column]<h4 style=\"text-align:left;\" class=\"ts-custom-heading \" >Ya\u011f Ay\u0131rma Sistemleri<\/h4>\n[vc_column_text]Bu sistem ile ya\u011f\u0131 tek \u00fcnitede gidermek m\u00fcmk\u00fcn olmaktad\u0131r.Bu sistemler \u0131zgara ile donanm\u0131\u015f ve paslanmaz malzemeden \u00fcretilmi\u015ftir.Ar\u0131tman\u0131n \u00f6n\u00fcnde kullan\u0131larak giri\u015f k\u0131sm\u0131ndaki kaba ya\u011f\u0131 tutmak i\u00e7in idealdir.[\/vc_column_text][vc_row_inner][vc_column_inner][vc_single_image image=&#8221;7070&#8243; img_size=&#8221;large&#8221;][\/vc_column_inner][\/vc_row_inner][\/vc_column][\/vc_row]<\/p>\n","protected":false},"excerpt":{"rendered":"<p>[vc_row css_animation=&#8221;fadeInUp&#8221;][vc_column][vc_column_text]Bu sistem ile ya\u011f\u0131 tek \u00fcnitede gidermek m\u00fcmk\u00fcn olmaktad\u0131r.Bu sistemler \u0131zgara ile donanm\u0131\u015f ve paslanmaz malzemeden \u00fcretilmi\u015ftir.Ar\u0131tman\u0131n \u00f6n\u00fcnde kullan\u0131larak giri\u015f k\u0131sm\u0131ndaki kaba ya\u011f\u0131 tutmak i\u00e7in idealdir.[\/vc_column_text][vc_row_inner][vc_column_inner][vc_single_image image=&#8221;7070&#8243; img_size=&#8221;large&#8221;][\/vc_column_inner][\/vc_row_inner][\/vc_column][\/vc_row]<\/p>\n","protected":false},"author":1,"featured_media":0,"parent":0,"menu_order":0,"comment_status":"closed","ping_status":"closed","template":"","meta":[],"_links":{"self":[{"href":"http:\/\/bogaziciaritma.com\/en\/wp-json\/wp\/v2\/pages\/7066"}],"collection":[{"href":"http:\/\/bogaziciaritma.com\/en\/wp-json\/wp\/v2\/pages"}],"about":[{"href":"http:\/\/bogaziciaritma.com\/en\/wp-json\/wp\/v2\/types\/page"}],"author":[{"embeddable":true,"href":"http:\/\/bogaziciaritma.com\/en\/wp-json\/wp\/v2\/users\/1"}],"replies":[{"embeddable":true,"href":"http:\/\/bogaziciaritma.com\/en\/wp-json\/wp\/v2\/comments?post=7066"}],"version-history":[{"count":0,"href":"http:\/\/bogaziciaritma.com\/en\/wp-json\/wp\/v2\/pages\/7066\/revisions"}],"wp:attachment":[{"href":"http:\/\/bogaziciaritma.com\/en\/wp-json\/wp\/v2\/media?parent=7066"}],"curies":[{"name":"wp","href":"https:\/\/api.w.org\/{rel}","templated":true}]}}