{"id":7074,"date":"2020-12-01T18:43:26","date_gmt":"2020-12-01T15:43:26","guid":{"rendered":"http:\/\/redbrainlab.com\/bogaziciaritma\/?page_id=7074"},"modified":"2020-12-01T18:43:26","modified_gmt":"2020-12-01T15:43:26","slug":"kimyasal-aritma-sistemleri","status":"publish","type":"page","link":"http:\/\/bogaziciaritma.com\/en\/kimyasal-aritma-sistemleri\/","title":{"rendered":"Kimyasal Ar\u0131tma Sistemleri"},"content":{"rendered":"<p>[vc_row][vc_column]<h4 style=\"text-align:left;\" class=\"ts-custom-heading  wpb_animate_when_almost_visible wpb_fadeInUp fadeInUp \" >K\u0130MYASAL ARITMA S\u0130STEMLER\u0130<\/h4>\n[vc_column_text css_animation=&#8221;fadeInUp&#8221;]Suda \u00e7\u00f6z\u00fcnm\u00fc\u015f veya ask\u0131da halde bulunan maddelerin fiziksel durumunu de\u011fi\u015ftirerek \u00e7\u00f6kelmelerini sa\u011flamak \u00fczere uygulanan ar\u0131tma prosesleridir. Kimyasal ar\u0131tma i\u015fleminde, uygun pH de\u011ferinde at\u0131ksuya kimyasal maddeler (koag\u00fclant, polielektrolit vb.) ilave edilmesi sonucu, \u00e7\u00f6kt\u00fcr\u00fclmek istenen maddeler \u00e7\u00f6keltilerek \u00e7amur halinde sudan ayr\u0131l\u0131r.<\/p>\n<p>Kimyasal ar\u0131tma i\u015flemi ile ask\u0131da kat\u0131 madde, KO\u0130, BO\u0130, a\u011f\u0131r metal ve fosfor gibi parametrelerin giderimi sa\u011flanmaktad\u0131r. Kimyasal ar\u0131tma sistemleri \u00e7elik konstr\u00fcksiyon, polietilen plastikte veya betonarme olarak in\u015fa edilebilir.<\/p>\n<p>Kimyasal ar\u0131tma uygulamalar\u0131; n\u00f6tralizasyon, flok\u00fclasyon ve koag\u00fclasyondur.[\/vc_column_text][vc_gallery interval=&#8221;3&#8243; images=&#8221;7095,7094,7093,7092&#8243; img_size=&#8221;large&#8221; css_animation=&#8221;fadeInUp&#8221;][\/vc_column][\/vc_row][vc_row css_animation=&#8221;fadeInUp&#8221;][vc_column]<h4 style=\"text-align:left;\" class=\"ts-custom-heading \" >N\u00f6tralizasyon<\/h4>\n[vc_column_text]Asidik ve bazik karakterdeki at\u0131ksular\u0131n uygun pH de\u011ferinin ayarlanmas\u0131 amac\u0131 ile yap\u0131lan asit veya baz ilavesi i\u015flemidir.[\/vc_column_text][\/vc_column][\/vc_row][vc_row css_animation=&#8221;fadeInUp&#8221;][vc_column]<h4 style=\"text-align:left;\" class=\"ts-custom-heading \" >Koag\u00fclasyon<\/h4>\n[vc_column_text]Koag\u00fclant maddelerin uygun pH\u2019da at\u0131ksuya ilave edilmesi ile at\u0131ksuyun b\u00fcnyesindeki kolloidal ve ask\u0131da kat\u0131 maddelerle birle\u015ferek flok olu\u015fturmaya haz\u0131r hale gelmesi i\u015flemidir.[\/vc_column_text][\/vc_column][\/vc_row][vc_row][vc_column]<h4 style=\"text-align:left;\" class=\"ts-custom-heading  wpb_animate_when_almost_visible wpb_fadeInUp fadeInUp \" >Flok\u00fclasyon<\/h4>\n[vc_column_text css_animation=&#8221;fadeInUp&#8221;]Flok\u00fclasyon (yumakla\u015ft\u0131rma), at\u0131ksuyun uygun h\u0131zda kar\u0131\u015ft\u0131r\u0131lmas\u0131 sonucunda koag\u00fclasyon i\u015flemi ile olu\u015fturulmu\u015f k\u00fc\u00e7\u00fck taneciklerin, birbiriyle birle\u015fmesi ve kolay \u00e7\u00f6kebilecek floklar\u0131n olu\u015fturulmas\u0131 i\u015flemidir.[\/vc_column_text][vc_gallery interval=&#8221;3&#8243; images=&#8221;7096,7097&#8243; img_size=&#8221;large&#8221; css_animation=&#8221;fadeInUp&#8221;][\/vc_column][\/vc_row]<\/p>\n","protected":false},"excerpt":{"rendered":"<p>[vc_row][vc_column][vc_column_text css_animation=&#8221;fadeInUp&#8221;]Suda \u00e7\u00f6z\u00fcnm\u00fc\u015f veya ask\u0131da halde bulunan maddelerin fiziksel durumunu de\u011fi\u015ftirerek \u00e7\u00f6kelmelerini sa\u011flamak \u00fczere uygulanan ar\u0131tma prosesleridir. Kimyasal ar\u0131tma i\u015fleminde, uygun pH de\u011ferinde at\u0131ksuya kimyasal maddeler (koag\u00fclant, polielektrolit vb.) ilave edilmesi sonucu, \u00e7\u00f6kt\u00fcr\u00fclmek istenen maddeler \u00e7\u00f6keltilerek \u00e7amur halinde sudan ayr\u0131l\u0131r. Kimyasal ar\u0131tma i\u015flemi ile ask\u0131da kat\u0131 madde, KO\u0130, BO\u0130, a\u011f\u0131r metal ve fosfor gibi parametrelerin &hellip; <a href=\"http:\/\/bogaziciaritma.com\/en\/kimyasal-aritma-sistemleri\/\" class=\"more-link\">Continue reading <span class=\"screen-reader-text\">Kimyasal Ar\u0131tma Sistemleri<\/span><\/a><\/p>\n","protected":false},"author":1,"featured_media":0,"parent":0,"menu_order":0,"comment_status":"closed","ping_status":"closed","template":"","meta":[],"_links":{"self":[{"href":"http:\/\/bogaziciaritma.com\/en\/wp-json\/wp\/v2\/pages\/7074"}],"collection":[{"href":"http:\/\/bogaziciaritma.com\/en\/wp-json\/wp\/v2\/pages"}],"about":[{"href":"http:\/\/bogaziciaritma.com\/en\/wp-json\/wp\/v2\/types\/page"}],"author":[{"embeddable":true,"href":"http:\/\/bogaziciaritma.com\/en\/wp-json\/wp\/v2\/users\/1"}],"replies":[{"embeddable":true,"href":"http:\/\/bogaziciaritma.com\/en\/wp-json\/wp\/v2\/comments?post=7074"}],"version-history":[{"count":0,"href":"http:\/\/bogaziciaritma.com\/en\/wp-json\/wp\/v2\/pages\/7074\/revisions"}],"wp:attachment":[{"href":"http:\/\/bogaziciaritma.com\/en\/wp-json\/wp\/v2\/media?parent=7074"}],"curies":[{"name":"wp","href":"https:\/\/api.w.org\/{rel}","templated":true}]}}