{"id":7113,"date":"2020-12-03T14:28:17","date_gmt":"2020-12-03T11:28:17","guid":{"rendered":"http:\/\/redbrainlab.com\/bogaziciaritma\/?page_id=7113"},"modified":"2020-12-03T14:28:17","modified_gmt":"2020-12-03T11:28:17","slug":"camur-kurutma-yatagi","status":"publish","type":"page","link":"http:\/\/bogaziciaritma.com\/en\/camur-kurutma-yatagi\/","title":{"rendered":"\u00c7amur Kurutma Yata\u011f\u0131"},"content":{"rendered":"<p>[vc_row][vc_column]<h4 style=\"text-align:left;\" class=\"ts-custom-heading  wpb_animate_when_almost_visible wpb_fadeInUp fadeInUp \" >\u00c7amur Kurutma Yata\u011f\u0131<\/h4>\n[vc_column_text css_animation=&#8221;fadeInUp&#8221;]\u00c7amur Kurutma Yataklar, ar\u0131tma tesislerinde olu\u015fan \u00e7amurun susuzla\u015ft\u0131r\u0131lmas\u0131 i\u00e7in imal edilen bir at\u0131k su ar\u0131tma ekipman\u0131d\u0131r.Kurutma yataklar\u0131n\u0131n alt k\u0131sm\u0131ndan ba\u015flayarak \u00e7ak\u0131l ve kum serilir ve \u00e7amurdaki su s\u00fcz\u00fcl\u00fcr.S\u00fcz\u00fclen su ise kurutma yata\u011f\u0131n\u0131n alt\u0131ndak\u0131 delikli drenaj borusuyla ar\u0131tma tesisine g\u00f6nderilir.[\/vc_column_text][vc_row_inner][vc_column_inner][vc_single_image image=&#8221;7116&#8243; img_size=&#8221;large&#8221; css_animation=&#8221;fadeInUp&#8221;][\/vc_column_inner][\/vc_row_inner][\/vc_column][\/vc_row]<\/p>\n","protected":false},"excerpt":{"rendered":"<p>[vc_row][vc_column][vc_column_text css_animation=&#8221;fadeInUp&#8221;]\u00c7amur Kurutma Yataklar, ar\u0131tma tesislerinde olu\u015fan \u00e7amurun susuzla\u015ft\u0131r\u0131lmas\u0131 i\u00e7in imal edilen bir at\u0131k su ar\u0131tma ekipman\u0131d\u0131r.Kurutma yataklar\u0131n\u0131n alt k\u0131sm\u0131ndan ba\u015flayarak \u00e7ak\u0131l ve kum serilir ve \u00e7amurdaki su s\u00fcz\u00fcl\u00fcr.S\u00fcz\u00fclen su ise kurutma yata\u011f\u0131n\u0131n alt\u0131ndak\u0131 delikli drenaj borusuyla ar\u0131tma tesisine g\u00f6nderilir.[\/vc_column_text][vc_row_inner][vc_column_inner][vc_single_image image=&#8221;7116&#8243; img_size=&#8221;large&#8221; css_animation=&#8221;fadeInUp&#8221;][\/vc_column_inner][\/vc_row_inner][\/vc_column][\/vc_row]<\/p>\n","protected":false},"author":1,"featured_media":0,"parent":0,"menu_order":0,"comment_status":"closed","ping_status":"closed","template":"","meta":[],"_links":{"self":[{"href":"http:\/\/bogaziciaritma.com\/en\/wp-json\/wp\/v2\/pages\/7113"}],"collection":[{"href":"http:\/\/bogaziciaritma.com\/en\/wp-json\/wp\/v2\/pages"}],"about":[{"href":"http:\/\/bogaziciaritma.com\/en\/wp-json\/wp\/v2\/types\/page"}],"author":[{"embeddable":true,"href":"http:\/\/bogaziciaritma.com\/en\/wp-json\/wp\/v2\/users\/1"}],"replies":[{"embeddable":true,"href":"http:\/\/bogaziciaritma.com\/en\/wp-json\/wp\/v2\/comments?post=7113"}],"version-history":[{"count":0,"href":"http:\/\/bogaziciaritma.com\/en\/wp-json\/wp\/v2\/pages\/7113\/revisions"}],"wp:attachment":[{"href":"http:\/\/bogaziciaritma.com\/en\/wp-json\/wp\/v2\/media?parent=7113"}],"curies":[{"name":"wp","href":"https:\/\/api.w.org\/{rel}","templated":true}]}}