{"id":7119,"date":"2020-12-03T14:36:12","date_gmt":"2020-12-03T11:36:12","guid":{"rendered":"http:\/\/redbrainlab.com\/bogaziciaritma\/?page_id=7119"},"modified":"2020-12-03T14:36:12","modified_gmt":"2020-12-03T11:36:12","slug":"filtre-pres","status":"publish","type":"page","link":"http:\/\/bogaziciaritma.com\/en\/filtre-pres\/","title":{"rendered":"Filtre Pres"},"content":{"rendered":"<p>[vc_row][vc_column]<h4 style=\"text-align:left;\" class=\"ts-custom-heading  wpb_animate_when_almost_visible wpb_fadeInUp fadeInUp \" >Filtre Pres<\/h4>\n[vc_column_text css_animation=&#8221;fadeInUp&#8221;]Filtre pres y\u00fcksek bas\u0131n\u00e7l\u0131 pompalar ile beslenen kat\u0131-s\u0131v\u0131 kar\u0131\u015f\u0131m\u0131 \u00e7amurun filtre pres plakalar\u0131 \u00fczerine giydirilmi\u015f filtre bezlerinden s\u00fcz\u00fclmesi ile kat\u0131 partik\u00fcllerin filtre plakalar\u0131 aras\u0131nda toplanmas\u0131 ve s\u0131v\u0131 faz\u0131n ekipman d\u0131\u015f\u0131na al\u0131nmas\u0131 mant\u0131\u011f\u0131 ile \u00e7al\u0131\u015f\u0131r.<\/p>\n<p>Filtre pres ekipman\u0131nda kullan\u0131lan bezler filtre edilecek kat\u0131-s\u0131v\u0131 kar\u0131\u015f\u0131m\u0131n\u0131n fiziko-kimyasal \u00f6zelliklerine ba\u011fl\u0131 olarak; polipropilen, pamuk, kesik elyaf veya daha farkl\u0131 ham maddelerden \u00fcretilebilir.<\/p>\n<p>Filtreprese \u00fcr\u00fcn beslemesi yapan y\u00fcksek bas\u0131n\u00e7l\u0131 pompalar ise hava diyaframl\u0131 pompa, monopomp, di\u015fli ya\u011f pompas\u0131 veya loblu pompalar aras\u0131ndan se\u00e7ilebilir. Santrif\u00fcj mant\u0131k ile \u00e7al\u0131\u015fan pompalar filtre pres sistemlerinde genellikle tercih edilmez.<\/p>\n<p>Muadili olarak kullan\u0131lan dekant\u00f6r ve belt pres ekipmanlar\u0131na nazaran filtre press&#8217;den al\u0131nacak susuzla\u015ft\u0131rma oran\u0131 daha y\u00fcksektir.<\/p>\n<p>Y\u00fcksek hidrolik bas\u0131n\u00e7 ile s\u0131k\u0131\u015ft\u0131r\u0131lm\u0131\u015f plakalar \u015fekilde bas\u0131n\u00e7l\u0131 pompalar ile besleme yap\u0131lmaktad\u0131r.Plakalar aras\u0131 hacimde biriken kat\u0131 maddeler plakalar\u0131n a\u00e7\u0131lmas\u0131 ile bertaraf edilmektedir.Kek de\u015farj\u0131 sistem gereksinimi ve m\u00fc\u015fteri tercihine ba\u011fl\u0131 olarak manuel veya otomatik olarak tasarlan\u0131r.<\/p>\n<p>Sadece ar\u0131tma tesislerinde de\u011fil, madencilik, ya\u011f s\u00fczme, mermer, kimya, silikat, kaplama (\u00e7inko-fosfat) banyolar\u0131nda asit s\u00fczme ve g\u0131da gibi birbirinden \u00e7ok farkl\u0131 end\u00fcstrilerde filtre pres kullan\u0131lmaktad\u0131r.[\/vc_column_text][vc_row_inner][vc_column_inner][vc_gallery interval=&#8221;3&#8243; images=&#8221;7120,7121,7122,7123&#8243; img_size=&#8221;large&#8221; css_animation=&#8221;fadeInUp&#8221;][\/vc_column_inner][\/vc_row_inner][\/vc_column][\/vc_row][vc_row][vc_column][vc_video link=&#8221;https:\/\/youtu.be\/uHNJXjC7L-0&#8243; css_animation=&#8221;fadeInUp&#8221; title=&#8221;Video&#8221;][\/vc_column][\/vc_row]<\/p>\n","protected":false},"excerpt":{"rendered":"<p>[vc_row][vc_column][vc_column_text css_animation=&#8221;fadeInUp&#8221;]Filtre pres y\u00fcksek bas\u0131n\u00e7l\u0131 pompalar ile beslenen kat\u0131-s\u0131v\u0131 kar\u0131\u015f\u0131m\u0131 \u00e7amurun filtre pres plakalar\u0131 \u00fczerine giydirilmi\u015f filtre bezlerinden s\u00fcz\u00fclmesi ile kat\u0131 partik\u00fcllerin filtre plakalar\u0131 aras\u0131nda toplanmas\u0131 ve s\u0131v\u0131 faz\u0131n ekipman d\u0131\u015f\u0131na al\u0131nmas\u0131 mant\u0131\u011f\u0131 ile \u00e7al\u0131\u015f\u0131r. Filtre pres ekipman\u0131nda kullan\u0131lan bezler filtre edilecek kat\u0131-s\u0131v\u0131 kar\u0131\u015f\u0131m\u0131n\u0131n fiziko-kimyasal \u00f6zelliklerine ba\u011fl\u0131 olarak; polipropilen, pamuk, kesik elyaf veya daha farkl\u0131 &hellip; <a href=\"http:\/\/bogaziciaritma.com\/en\/filtre-pres\/\" class=\"more-link\">Continue reading <span class=\"screen-reader-text\">Filtre Pres<\/span><\/a><\/p>\n","protected":false},"author":1,"featured_media":0,"parent":0,"menu_order":0,"comment_status":"closed","ping_status":"closed","template":"","meta":[],"_links":{"self":[{"href":"http:\/\/bogaziciaritma.com\/en\/wp-json\/wp\/v2\/pages\/7119"}],"collection":[{"href":"http:\/\/bogaziciaritma.com\/en\/wp-json\/wp\/v2\/pages"}],"about":[{"href":"http:\/\/bogaziciaritma.com\/en\/wp-json\/wp\/v2\/types\/page"}],"author":[{"embeddable":true,"href":"http:\/\/bogaziciaritma.com\/en\/wp-json\/wp\/v2\/users\/1"}],"replies":[{"embeddable":true,"href":"http:\/\/bogaziciaritma.com\/en\/wp-json\/wp\/v2\/comments?post=7119"}],"version-history":[{"count":0,"href":"http:\/\/bogaziciaritma.com\/en\/wp-json\/wp\/v2\/pages\/7119\/revisions"}],"wp:attachment":[{"href":"http:\/\/bogaziciaritma.com\/en\/wp-json\/wp\/v2\/media?parent=7119"}],"curies":[{"name":"wp","href":"https:\/\/api.w.org\/{rel}","templated":true}]}}