{"id":7131,"date":"2020-12-03T14:38:32","date_gmt":"2020-12-03T11:38:32","guid":{"rendered":"http:\/\/redbrainlab.com\/bogaziciaritma\/?page_id=7131"},"modified":"2020-12-03T14:38:32","modified_gmt":"2020-12-03T11:38:32","slug":"torba-filtre","status":"publish","type":"page","link":"http:\/\/bogaziciaritma.com\/en\/torba-filtre\/","title":{"rendered":"Torba Filtre"},"content":{"rendered":"<p>[vc_row css_animation=&#8221;fadeInUp&#8221;][vc_column]<h4 style=\"text-align:left;\" class=\"ts-custom-heading \" >Torba Filtre<\/h4>\n[vc_column_text]Torba Filtre bir \u00e7amur susuzla\u015ft\u0131rma ekipman\u0131d\u0131r. Kimyasal \u00e7\u00f6kt\u00fcrme sonucunda olu\u015fan \u00e7amur, sistemden uzakla\u015ft\u0131rmas\u0131 a\u015famas\u0131nda \u00e7amur pompas\u0131 yard\u0131m\u0131 ile torba filtreye iletilir. Torba filtrelerde suyunu b\u0131rakan \u00e7amur, bertaraf edilmek \u00fczere tesisten uzakla\u015ft\u0131r\u0131l\u0131r.[\/vc_column_text][vc_row_inner css_animation=&#8221;fadeInUp&#8221;][vc_column_inner][vc_single_image image=&#8221;7132&#8243; img_size=&#8221;large&#8221;][\/vc_column_inner][\/vc_row_inner][\/vc_column][\/vc_row]<\/p>\n","protected":false},"excerpt":{"rendered":"<p>[vc_row css_animation=&#8221;fadeInUp&#8221;][vc_column][vc_column_text]Torba Filtre bir \u00e7amur susuzla\u015ft\u0131rma ekipman\u0131d\u0131r. Kimyasal \u00e7\u00f6kt\u00fcrme sonucunda olu\u015fan \u00e7amur, sistemden uzakla\u015ft\u0131rmas\u0131 a\u015famas\u0131nda \u00e7amur pompas\u0131 yard\u0131m\u0131 ile torba filtreye iletilir. Torba filtrelerde suyunu b\u0131rakan \u00e7amur, bertaraf edilmek \u00fczere tesisten uzakla\u015ft\u0131r\u0131l\u0131r.[\/vc_column_text][vc_row_inner css_animation=&#8221;fadeInUp&#8221;][vc_column_inner][vc_single_image image=&#8221;7132&#8243; img_size=&#8221;large&#8221;][\/vc_column_inner][\/vc_row_inner][\/vc_column][\/vc_row]<\/p>\n","protected":false},"author":1,"featured_media":0,"parent":0,"menu_order":0,"comment_status":"closed","ping_status":"closed","template":"","meta":[],"_links":{"self":[{"href":"http:\/\/bogaziciaritma.com\/en\/wp-json\/wp\/v2\/pages\/7131"}],"collection":[{"href":"http:\/\/bogaziciaritma.com\/en\/wp-json\/wp\/v2\/pages"}],"about":[{"href":"http:\/\/bogaziciaritma.com\/en\/wp-json\/wp\/v2\/types\/page"}],"author":[{"embeddable":true,"href":"http:\/\/bogaziciaritma.com\/en\/wp-json\/wp\/v2\/users\/1"}],"replies":[{"embeddable":true,"href":"http:\/\/bogaziciaritma.com\/en\/wp-json\/wp\/v2\/comments?post=7131"}],"version-history":[{"count":0,"href":"http:\/\/bogaziciaritma.com\/en\/wp-json\/wp\/v2\/pages\/7131\/revisions"}],"wp:attachment":[{"href":"http:\/\/bogaziciaritma.com\/en\/wp-json\/wp\/v2\/media?parent=7131"}],"curies":[{"name":"wp","href":"https:\/\/api.w.org\/{rel}","templated":true}]}}