{"id":7135,"date":"2020-12-03T14:40:49","date_gmt":"2020-12-03T11:40:49","guid":{"rendered":"http:\/\/redbrainlab.com\/bogaziciaritma\/?page_id=7135"},"modified":"2020-12-03T14:40:49","modified_gmt":"2020-12-03T11:40:49","slug":"deiyonizasyon-sistemleri","status":"publish","type":"page","link":"http:\/\/bogaziciaritma.com\/en\/deiyonizasyon-sistemleri\/","title":{"rendered":"Deiyonizasyon Sistemleri"},"content":{"rendered":"<p>[vc_row][vc_column]<h4 style=\"text-align:left;\" class=\"ts-custom-heading  wpb_animate_when_almost_visible wpb_fadeInUp fadeInUp \" >Deiyonizasyon Sistemleri<\/h4>\n[vc_column_text css_animation=&#8221;fadeInUp&#8221;]Deiyonizasyon sistemlerinde, katyonik ve anyonik iyon de\u011fi\u015ftirici re\u00e7ineler kullan\u0131larak suyun safla\u015ft\u0131r\u0131lmas\u0131 hedeflenmektedir. Deiyonizasyon sistemleri ileri seviyede saf su ihtiyac\u0131 bulunan imalat sanayinde ve end\u00fcstriyel tesislerde yayg\u0131n olarak kullan\u0131l\u0131r. Deiyonizasyon \u00fcniteleri i\u00e7inde katyonik ve anyonik re\u00e7ine bulunur. Katyonik re\u00e7ine ve anyonik re\u00e7ine ayr\u0131 tanklarda kullan\u0131labildi\u011fi gibi ayn\u0131 tank\u0131n i\u00e7inde mixbed, kar\u0131\u015f\u0131k yatak halinde de kullan\u0131labilmektedir. Mixbed deiyonize sistemler, genellikle ters ozmoz \u00fcnite sonras\u0131 veya katyon-anyon deiyonize kolonlar\u0131 sonras\u0131nda kullan\u0131l\u0131r.<\/p>\n<p>Burada ama\u00e7, mix-bed \u00fcnitenin d\u00fc\u015f\u00fck iletkenlikte su ile beslenerek rejenerasyon s\u0131kl\u0131\u011f\u0131n\u0131n d\u00fc\u015f\u00fcr\u00fclmesidir. Deiyonize re\u00e7ine kolonlar\u0131n\u0131n rejenerasyonu asit ve kostik ile ger\u00e7ekle\u015ftirilir. \u0130yon de\u011fi\u015ftirici re\u00e7ineli deiyonize sistemler, 2000 \u00b5s\/cm seviyesinden daha y\u00fcksek iletkenlikteki sularda kullan\u0131lmamal\u0131d\u0131r. Y\u00fcksek iletkenlikteki sulardan saf su temini ama\u00e7lan\u0131yorsa, ters ozmoz demineralizasyon sonras\u0131 re\u00e7ineli deiyonize sistem kullan\u0131m\u0131na gidilmelidir.[\/vc_column_text][vc_row_inner][vc_column_inner][vc_single_image image=&#8221;7136&#8243; img_size=&#8221;large&#8221; css_animation=&#8221;fadeInUp&#8221;][\/vc_column_inner][\/vc_row_inner][\/vc_column][\/vc_row]<\/p>\n","protected":false},"excerpt":{"rendered":"<p>[vc_row][vc_column][vc_column_text css_animation=&#8221;fadeInUp&#8221;]Deiyonizasyon sistemlerinde, katyonik ve anyonik iyon de\u011fi\u015ftirici re\u00e7ineler kullan\u0131larak suyun safla\u015ft\u0131r\u0131lmas\u0131 hedeflenmektedir. Deiyonizasyon sistemleri ileri seviyede saf su ihtiyac\u0131 bulunan imalat sanayinde ve end\u00fcstriyel tesislerde yayg\u0131n olarak kullan\u0131l\u0131r. Deiyonizasyon \u00fcniteleri i\u00e7inde katyonik ve anyonik re\u00e7ine bulunur. Katyonik re\u00e7ine ve anyonik re\u00e7ine ayr\u0131 tanklarda kullan\u0131labildi\u011fi gibi ayn\u0131 tank\u0131n i\u00e7inde mixbed, kar\u0131\u015f\u0131k yatak halinde de kullan\u0131labilmektedir. &hellip; <a href=\"http:\/\/bogaziciaritma.com\/en\/deiyonizasyon-sistemleri\/\" class=\"more-link\">Continue reading <span class=\"screen-reader-text\">Deiyonizasyon Sistemleri<\/span><\/a><\/p>\n","protected":false},"author":1,"featured_media":0,"parent":0,"menu_order":0,"comment_status":"closed","ping_status":"closed","template":"","meta":[],"_links":{"self":[{"href":"http:\/\/bogaziciaritma.com\/en\/wp-json\/wp\/v2\/pages\/7135"}],"collection":[{"href":"http:\/\/bogaziciaritma.com\/en\/wp-json\/wp\/v2\/pages"}],"about":[{"href":"http:\/\/bogaziciaritma.com\/en\/wp-json\/wp\/v2\/types\/page"}],"author":[{"embeddable":true,"href":"http:\/\/bogaziciaritma.com\/en\/wp-json\/wp\/v2\/users\/1"}],"replies":[{"embeddable":true,"href":"http:\/\/bogaziciaritma.com\/en\/wp-json\/wp\/v2\/comments?post=7135"}],"version-history":[{"count":0,"href":"http:\/\/bogaziciaritma.com\/en\/wp-json\/wp\/v2\/pages\/7135\/revisions"}],"wp:attachment":[{"href":"http:\/\/bogaziciaritma.com\/en\/wp-json\/wp\/v2\/media?parent=7135"}],"curies":[{"name":"wp","href":"https:\/\/api.w.org\/{rel}","templated":true}]}}