{"id":7139,"date":"2020-12-03T14:42:09","date_gmt":"2020-12-03T11:42:09","guid":{"rendered":"http:\/\/redbrainlab.com\/bogaziciaritma\/?page_id=7139"},"modified":"2020-12-03T14:42:09","modified_gmt":"2020-12-03T11:42:09","slug":"klorlama-sistemleri","status":"publish","type":"page","link":"http:\/\/bogaziciaritma.com\/en\/klorlama-sistemleri\/","title":{"rendered":"Klorlama Sistemleri"},"content":{"rendered":"<p>[vc_row][vc_column]<h4 style=\"text-align:left;\" class=\"ts-custom-heading  wpb_animate_when_almost_visible wpb_fadeInUp fadeInUp \" >Klorlama Sistemleri<\/h4>\n[vc_column_text css_animation=&#8221;fadeInUp&#8221;]Klor dozajlama sistemleri dezenfeksiyon ama\u00e7l\u0131 kullan\u0131lan en yayg\u0131n sistemlerden biridir. Klor dozajlama sistemi sahip oldu\u011fu kal\u0131c\u0131 etkinin yan\u0131 s\u0131ra en ekonomik y\u00f6ntemlerdendir. Klor dozajlama u\u0308niteleri sudaki nitrit, demir, mangan gibi oksitlenebilen maddeleri oksitlemek ve bakteri, viru\u0308s gibi kirlilikleri dezenfekte etmekte kullan\u0131l\u0131r.<\/p>\n<p><strong>Klorun suda\u00a0erimesi:<\/strong>\u00a0Klor gaz\u0131 PH3\u2019ten b\u00fcy\u00fck olmas\u0131 halinde \u00f6nce Cl<sub>2<\/sub>+ H<sub>2<\/sub>O\u00a0\u2194 HOCl + H+\u00a0Cl-\u00a0\u015fekline, sonra\u00a0HOCl\u00a0\u2194 H+\u00a0+ OCl-\u00a0yonuna d\u00f6n\u00fc\u015f\u00fcr. HOCl (hipoklor\u00f6zasidi), OCl (hipoklorit) iyonuna g\u00f6re 40 ile 80 kat daha iyi dezenfesiyon etkisi g\u00f6sterir.\u00a0Serbest klor suya hipoklorit tuzlar\u0131 halinde de verilebilir. Reasiyonlar \u015fu \u015fekildedir:\u00a0Kasiyum hipoklorit Ca(OCl)<sub>2<\/sub>\u00a0+ 2H<sub>2<\/sub>O\u00a0\u2194 2HOCl + Ca(OH)<sub>2<\/sub>\u00a0ve Sodyum Hipoklorit\u00a0NaOCl + H<sub>2<\/sub>O\u00a0\u2194 HOCl + NaOH \u015feklinde dezenfektan etkisi olan HOCl (hipoklor\u00f6zasidi) iyonuna d\u00f6n\u00fc\u015f\u00fcr.\u00a0Suda bulunabilecek ozot bile\u015fikleriyle kolayl\u0131kla reaksiyona giren HOCl, s\u0131ras\u0131yla monokloramin, dikloramin ve azottirikloramin bile\u015fiklerini meydana getirir. Sa\u011fl\u0131k a\u00e7\u0131\u015f\u0131ndan sak\u0131ncal\u0131 olan bu t\u00fcr klorlara \u2018bile\u015fik klor\u2019 denir.\u00a0Ayr\u0131ca F++, Mn++, H<sub>2<\/sub>S gibi maddelerle reaksiyona giren HOCl sarfiyat\u0131 artar, dezenfeksyon etkisi azal\u0131r.<\/p>\n<p><strong>Sudaki fazla klorun giderilmesi:<\/strong>\u00a0Suya verilen klorun fazlas\u0131 ve bile\u015fik klor, aktif karbon ve k\u00fck\u00fcrtdioksit ile sudan al\u0131nabilir. Dolay\u0131s\u0131yla \u00f6nce dezenfeksiyon yap\u0131lmas\u0131, ard\u0131ndan zararl\u0131 bile\u015fik klorun al\u0131nmas\u0131 uygundur.[\/vc_column_text][vc_row_inner][vc_column_inner][\/vc_column_inner][\/vc_row_inner][\/vc_column][\/vc_row]<\/p>\n","protected":false},"excerpt":{"rendered":"<p>[vc_row][vc_column][vc_column_text css_animation=&#8221;fadeInUp&#8221;]Klor dozajlama sistemleri dezenfeksiyon ama\u00e7l\u0131 kullan\u0131lan en yayg\u0131n sistemlerden biridir. Klor dozajlama sistemi sahip oldu\u011fu kal\u0131c\u0131 etkinin yan\u0131 s\u0131ra en ekonomik y\u00f6ntemlerdendir. Klor dozajlama u\u0308niteleri sudaki nitrit, demir, mangan gibi oksitlenebilen maddeleri oksitlemek ve bakteri, viru\u0308s gibi kirlilikleri dezenfekte etmekte kullan\u0131l\u0131r. Klorun suda\u00a0erimesi:\u00a0Klor gaz\u0131 PH3\u2019ten b\u00fcy\u00fck olmas\u0131 halinde \u00f6nce Cl2+ H2O\u00a0\u2194 HOCl + H+\u00a0Cl-\u00a0\u015fekline, &hellip; <a href=\"http:\/\/bogaziciaritma.com\/en\/klorlama-sistemleri\/\" class=\"more-link\">Continue reading <span class=\"screen-reader-text\">Klorlama Sistemleri<\/span><\/a><\/p>\n","protected":false},"author":1,"featured_media":0,"parent":0,"menu_order":0,"comment_status":"closed","ping_status":"closed","template":"","meta":[],"_links":{"self":[{"href":"http:\/\/bogaziciaritma.com\/en\/wp-json\/wp\/v2\/pages\/7139"}],"collection":[{"href":"http:\/\/bogaziciaritma.com\/en\/wp-json\/wp\/v2\/pages"}],"about":[{"href":"http:\/\/bogaziciaritma.com\/en\/wp-json\/wp\/v2\/types\/page"}],"author":[{"embeddable":true,"href":"http:\/\/bogaziciaritma.com\/en\/wp-json\/wp\/v2\/users\/1"}],"replies":[{"embeddable":true,"href":"http:\/\/bogaziciaritma.com\/en\/wp-json\/wp\/v2\/comments?post=7139"}],"version-history":[{"count":0,"href":"http:\/\/bogaziciaritma.com\/en\/wp-json\/wp\/v2\/pages\/7139\/revisions"}],"wp:attachment":[{"href":"http:\/\/bogaziciaritma.com\/en\/wp-json\/wp\/v2\/media?parent=7139"}],"curies":[{"name":"wp","href":"https:\/\/api.w.org\/{rel}","templated":true}]}}