{"id":7142,"date":"2020-12-03T14:47:08","date_gmt":"2020-12-03T11:47:08","guid":{"rendered":"http:\/\/redbrainlab.com\/bogaziciaritma\/?page_id=7142"},"modified":"2020-12-03T14:47:08","modified_gmt":"2020-12-03T11:47:08","slug":"ozonlama-unitesi","status":"publish","type":"page","link":"http:\/\/bogaziciaritma.com\/en\/ozonlama-unitesi\/","title":{"rendered":"Ozonlama \u00dcnitesi"},"content":{"rendered":"<p>[vc_row css_animation=&#8221;fadeInUp&#8221;][vc_column]<h4 style=\"text-align:left;\" class=\"ts-custom-heading \" >Ozonlama \u00dcnitesi<\/h4>\n[vc_column_text]Ozon gaz\u0131, g\u00fcne\u015ften gelen mor \u00f6tesi \u0131\u015f\u0131nlar\u0131n atmosferdeki oksijeni par\u00e7alayarak ozon molek\u00fcllerine \u00e7evirmesi sonucu olu\u015fur. Teknolojik olarak ise, elektron bo\u015fal\u0131m\u0131 yard\u0131m\u0131yla soludu\u011fumuz havadan ya da saf oksijenden elde edilir.<\/p>\n<p>Ozon gaz\u0131n\u0131n dezenfeksiyon etkisi, ayn\u0131 \u015fartlar alt\u0131nda klorunkinden 3 bin 125 kez daha fazlad\u0131r. Spor, kist ve vir\u00fcslere kar\u015f\u0131 klordan daha etkilidir.<\/p>\n<p>Ayr\u0131ca ozon, havada bulunan oksijenin par\u00e7alanmas\u0131 yoluyla elde edildi\u011finden karars\u0131z yap\u0131s\u0131 nedeniyle dezenfeksiyon g\u00f6revini tamamlad\u0131ktan sonra daima hammaddesi olan oksijene d\u00f6n\u00fc\u015f\u00fcr. Ozon gaz\u0131n\u0131n dezenfeksiyon sonras\u0131nda art\u0131k ve kal\u0131nt\u0131 b\u0131rakmayan tek dezenfektan olmas\u0131, \u00f6zellikle g\u0131da sanayiinde kullan\u0131m\u0131n\u0131, di\u011fer dezenfektanlara g\u00f6re avantajl\u0131 k\u0131lar.<\/p>\n<p>Ozon, oksidasyon g\u00fcc\u00fc y\u00fcksek bir gaz oldu\u011fu i\u00e7in dezenfeksiyon amac\u0131yla \u00f6zellikle son y\u0131llarda yayg\u0131n bir \u015fekilde kullan\u0131l\u0131r. Do\u011fal bir dezenfektan olu\u015fu, hem g\u00fcvenle hem de daha yayg\u0131n kullan\u0131lmas\u0131n\u0131 sa\u011flar.<\/p>\n<p><strong>Ozon gaz\u0131n\u0131n kullan\u0131m alanlar\u0131:<\/strong><\/p>\n<ul>\n<li>Su dezenfeksiyonu<\/li>\n<li>G\u0131da end\u00fcstrisi<\/li>\n<li>So\u011fuk hava depolar\u0131<\/li>\n<li>Koku giderimi<\/li>\n<li>Y\u00fczme havuzlar<\/li>\n<li>Renk giderimi<\/li>\n<li>At\u0131k su ar\u0131t\u0131m\u0131<\/li>\n<li>Nitrit amonyak giderimi<\/li>\n<li>Demir mangan giderimi<\/li>\n<li>Pestisit giderimi<\/li>\n<li>Ya\u015fanan ortam havas\u0131n\u0131n dezenfeksiyonu<\/li>\n<\/ul>\n<p>[\/vc_column_text][vc_row_inner][vc_column_inner][vc_single_image image=&#8221;7144&#8243; img_size=&#8221;large&#8221;][\/vc_column_inner][\/vc_row_inner][\/vc_column][\/vc_row]<\/p>\n","protected":false},"excerpt":{"rendered":"<p>[vc_row css_animation=&#8221;fadeInUp&#8221;][vc_column][vc_column_text]Ozon gaz\u0131, g\u00fcne\u015ften gelen mor \u00f6tesi \u0131\u015f\u0131nlar\u0131n atmosferdeki oksijeni par\u00e7alayarak ozon molek\u00fcllerine \u00e7evirmesi sonucu olu\u015fur. Teknolojik olarak ise, elektron bo\u015fal\u0131m\u0131 yard\u0131m\u0131yla soludu\u011fumuz havadan ya da saf oksijenden elde edilir. Ozon gaz\u0131n\u0131n dezenfeksiyon etkisi, ayn\u0131 \u015fartlar alt\u0131nda klorunkinden 3 bin 125 kez daha fazlad\u0131r. Spor, kist ve vir\u00fcslere kar\u015f\u0131 klordan daha etkilidir. Ayr\u0131ca ozon, havada &hellip; <a href=\"http:\/\/bogaziciaritma.com\/en\/ozonlama-unitesi\/\" class=\"more-link\">Continue reading <span class=\"screen-reader-text\">Ozonlama \u00dcnitesi<\/span><\/a><\/p>\n","protected":false},"author":1,"featured_media":0,"parent":0,"menu_order":0,"comment_status":"closed","ping_status":"closed","template":"","meta":[],"_links":{"self":[{"href":"http:\/\/bogaziciaritma.com\/en\/wp-json\/wp\/v2\/pages\/7142"}],"collection":[{"href":"http:\/\/bogaziciaritma.com\/en\/wp-json\/wp\/v2\/pages"}],"about":[{"href":"http:\/\/bogaziciaritma.com\/en\/wp-json\/wp\/v2\/types\/page"}],"author":[{"embeddable":true,"href":"http:\/\/bogaziciaritma.com\/en\/wp-json\/wp\/v2\/users\/1"}],"replies":[{"embeddable":true,"href":"http:\/\/bogaziciaritma.com\/en\/wp-json\/wp\/v2\/comments?post=7142"}],"version-history":[{"count":0,"href":"http:\/\/bogaziciaritma.com\/en\/wp-json\/wp\/v2\/pages\/7142\/revisions"}],"wp:attachment":[{"href":"http:\/\/bogaziciaritma.com\/en\/wp-json\/wp\/v2\/media?parent=7142"}],"curies":[{"name":"wp","href":"https:\/\/api.w.org\/{rel}","templated":true}]}}