{"id":7147,"date":"2020-12-03T14:48:57","date_gmt":"2020-12-03T11:48:57","guid":{"rendered":"http:\/\/redbrainlab.com\/bogaziciaritma\/?page_id=7147"},"modified":"2020-12-03T14:48:57","modified_gmt":"2020-12-03T11:48:57","slug":"su-yumusatma-sistemleri","status":"publish","type":"page","link":"http:\/\/bogaziciaritma.com\/en\/su-yumusatma-sistemleri\/","title":{"rendered":"Su Yumu\u015fatma Sistemleri"},"content":{"rendered":"<p>[vc_row css_animation=&#8221;fadeInUp&#8221;][vc_column]<h4 style=\"text-align:left;\" class=\"ts-custom-heading \" >Su Yumu\u015fatma Sistemleri<\/h4>\n[vc_column_text]Su yumu\u015fatma sistemleri zamanl\u0131 olarak ay\u0131n ya da haftan\u0131n istedi\u011finiz g\u00fcn ve saatinde hi\u00e7bir m\u00fcdahale gerektirmeden yenileme i\u015flemini otomatik olarak yerine getirmektedir.\u00a0Zaman kontroll\u00fc olarak doyuma ula\u015fan re\u00e7ine,\u00a0tuzlu su ile rejenerasyona girerek\u00a0Mg (Magnezyum) ve Ca (Kalsiyum) iyonlar\u0131ndan temizlenir.<\/p>\n<p>Debi kontroll\u00fc yumu\u015fatma sistemleri ge\u00e7en su miktar\u0131n\u0131 cihaz \u00fczerinde bulunan bir saya\u00e7 vas\u0131tas\u0131 ile \u00f6l\u00e7\u00fcmleyerek daha \u00f6nceden programlanm\u0131\u015f rejenerasyon i\u015flemine tabi tutar. Doyuma ula\u015fan re\u00e7ine debi kontroll\u00fc olarak tuzlu su ile rejenerasyona girerek, kalsiyum ve magnezyum iyonlar\u0131 sudan uzakla\u015ft\u0131r\u0131l\u0131r.<\/p>\n<p><strong>Kullan\u0131m Alanlar\u0131:<\/strong><\/p>\n<ul>\n<li>End\u00fcstriyel Sular\u0131n Ar\u0131t\u0131m A\u015famalar\u0131nda<\/li>\n<li>Restaurantlar<\/li>\n<li>Villalar, Apartmanlar, Okullar, hastaneler<\/li>\n<li>Araba Y\u0131kama Tesisleri<\/li>\n<li>Buz Makineleri<\/li>\n<li>\u00c7ay, Kahve<\/li>\n<li>\u00c7ama\u015f\u0131rhaneler<\/li>\n<li>Boiler, buhar kazan\u0131 \u00d6NCES\u0130<\/li>\n<li>Laboratuarlar<\/li>\n<\/ul>\n<p>[\/vc_column_text][vc_row_inner][vc_column_inner][vc_single_image image=&#8221;7148&#8243; img_size=&#8221;large&#8221;][\/vc_column_inner][\/vc_row_inner][\/vc_column][\/vc_row]<\/p>\n","protected":false},"excerpt":{"rendered":"<p>[vc_row css_animation=&#8221;fadeInUp&#8221;][vc_column][vc_column_text]Su yumu\u015fatma sistemleri zamanl\u0131 olarak ay\u0131n ya da haftan\u0131n istedi\u011finiz g\u00fcn ve saatinde hi\u00e7bir m\u00fcdahale gerektirmeden yenileme i\u015flemini otomatik olarak yerine getirmektedir.\u00a0Zaman kontroll\u00fc olarak doyuma ula\u015fan re\u00e7ine,\u00a0tuzlu su ile rejenerasyona girerek\u00a0Mg (Magnezyum) ve Ca (Kalsiyum) iyonlar\u0131ndan temizlenir. Debi kontroll\u00fc yumu\u015fatma sistemleri ge\u00e7en su miktar\u0131n\u0131 cihaz \u00fczerinde bulunan bir saya\u00e7 vas\u0131tas\u0131 ile \u00f6l\u00e7\u00fcmleyerek daha \u00f6nceden &hellip; <a href=\"http:\/\/bogaziciaritma.com\/en\/su-yumusatma-sistemleri\/\" class=\"more-link\">Continue reading <span class=\"screen-reader-text\">Su Yumu\u015fatma Sistemleri<\/span><\/a><\/p>\n","protected":false},"author":1,"featured_media":0,"parent":0,"menu_order":0,"comment_status":"closed","ping_status":"closed","template":"","meta":[],"_links":{"self":[{"href":"http:\/\/bogaziciaritma.com\/en\/wp-json\/wp\/v2\/pages\/7147"}],"collection":[{"href":"http:\/\/bogaziciaritma.com\/en\/wp-json\/wp\/v2\/pages"}],"about":[{"href":"http:\/\/bogaziciaritma.com\/en\/wp-json\/wp\/v2\/types\/page"}],"author":[{"embeddable":true,"href":"http:\/\/bogaziciaritma.com\/en\/wp-json\/wp\/v2\/users\/1"}],"replies":[{"embeddable":true,"href":"http:\/\/bogaziciaritma.com\/en\/wp-json\/wp\/v2\/comments?post=7147"}],"version-history":[{"count":0,"href":"http:\/\/bogaziciaritma.com\/en\/wp-json\/wp\/v2\/pages\/7147\/revisions"}],"wp:attachment":[{"href":"http:\/\/bogaziciaritma.com\/en\/wp-json\/wp\/v2\/media?parent=7147"}],"curies":[{"name":"wp","href":"https:\/\/api.w.org\/{rel}","templated":true}]}}