{"id":7152,"date":"2020-12-03T14:54:22","date_gmt":"2020-12-03T11:54:22","guid":{"rendered":"http:\/\/redbrainlab.com\/bogaziciaritma\/?page_id=7152"},"modified":"2020-12-03T14:54:22","modified_gmt":"2020-12-03T11:54:22","slug":"kum-karbon-filtrasyon","status":"publish","type":"page","link":"http:\/\/bogaziciaritma.com\/en\/kum-karbon-filtrasyon\/","title":{"rendered":"Kum-Karbon Filtrasyon"},"content":{"rendered":"<p>[vc_row css_animation=&#8221;fadeInUp&#8221;][vc_column]<h4 style=\"text-align:left;\" class=\"ts-custom-heading \" >Kum-Karbon Filtrasyon<\/h4>\n[vc_column_text]<strong>AKT\u0130F KARBON F\u0130LTRES\u0130<\/strong><\/p>\n<p>Aktif Karbon Filtrasyon Sistemleri, suda istenmeyen klor, renk, tat, koku veren eriyik gazlar, art\u0131klar ve organik maddelerin ar\u0131t\u0131m\u0131 i\u00e7in kullan\u0131lmaktad\u0131r. Aktech Otomatik Aktif Karbon Filtreler , aktif karbonun adsorp siyon \u00f6zelli\u011fini kullanarak, sudaki molek\u00fcl ve iyonlar\u0131 mineral g\u00f6zenekleri vas\u0131tas\u0131 ile i\u00e7 y\u00fczeylerine do\u011fru \u00e7ekerek suyun organik maddelerden ar\u0131nm\u0131\u015f, renksiz, kokusuz ve berrak olmas\u0131n\u0131 sa\u011flar. Aktif Karbon Filtreleri, insan m\u00fcdahalesi olmaks\u0131z\u0131n kendi kendini otomatik geri y\u0131kamaya al\u0131r. Bu filtrelerin otomasyonu genel olarak otomasyon valfleri ile sa\u011flanmakta olup; y\u00fcksek debilerde PLC pn\u00f6matik sistemler alternatif olarak kullan\u0131lmaktad\u0131r.<\/p>\n<p><strong>KUM F\u0130LTRES\u0130<\/strong><\/p>\n<p>Kum Filtreler\u00a0 suyun i\u00e7erdi\u011fi ask\u0131da kat\u0131 maddeleri, bulan\u0131kl\u0131\u011f\u0131 ve di\u011fer partik\u00fclleri uzakla\u015ft\u0131rmak amac\u0131 ile kullan\u0131l\u0131r. Sistem gran\u00fclometre dereceleri farkl\u0131, birden fazla katman\u0131n g\u00f6vde i\u00e7ine yerle\u015ftirilmesi ile olu\u015fturulur.<\/p>\n<p>Kum Filtrelerin, kat\u0131 maddeleri sudan ay\u0131rmas\u0131n\u0131n yan\u0131 s\u0131ra ikinci bir g\u00f6revi kendisinden sonra konumland\u0131r\u0131lacak olan ekipman\u0131 korumas\u0131d\u0131r. Filtrasyonu iyi yap\u0131lm\u0131\u015f bir sistemde di\u011fer ar\u0131tma filtrelerine gidecek olan y\u00fck minimize edilece\u011finden ekipmanlar\u0131n \u00f6mr\u00fc uzat\u0131lm\u0131\u015f\u00a0ve\u00a0verimlili\u011fi\u00a0art\u0131r\u0131lm\u0131\u015f olacakt\u0131r.<\/p>\n<p>Kum Filtreler; proses suyu ve i\u00e7me suyu ar\u0131t\u0131m\u0131nda \u00f6n ar\u0131tma olarak veya at\u0131ksu ar\u0131tma sistemlerinden \u00e7\u0131kan ar\u0131t\u0131lm\u0131\u015f suyun bulan\u0131kl\u0131l\u0131\u011f\u0131n\u0131n giderilmesinde de kullan\u0131l\u0131rlar. Multi Media Filtreler, filtrasyon ihtiyac\u0131n\u0131z\u0131 kar\u015f\u0131layacak \u00e7e\u015fitli kapasiteler ve h\u0131zlar i\u00e7in en uygun \u00e7\u00f6z\u00fcm\u00fc sunmaktad\u0131r.[\/vc_column_text][vc_row_inner css_animation=&#8221;fadeInUp&#8221;][vc_column_inner][vc_gallery interval=&#8221;3&#8243; images=&#8221;7153,7154,7155,7156&#8243; img_size=&#8221;large&#8221;][\/vc_column_inner][\/vc_row_inner][\/vc_column][\/vc_row]<\/p>\n","protected":false},"excerpt":{"rendered":"<p>[vc_row css_animation=&#8221;fadeInUp&#8221;][vc_column][vc_column_text]AKT\u0130F KARBON F\u0130LTRES\u0130 Aktif Karbon Filtrasyon Sistemleri, suda istenmeyen klor, renk, tat, koku veren eriyik gazlar, art\u0131klar ve organik maddelerin ar\u0131t\u0131m\u0131 i\u00e7in kullan\u0131lmaktad\u0131r. Aktech Otomatik Aktif Karbon Filtreler , aktif karbonun adsorp siyon \u00f6zelli\u011fini kullanarak, sudaki molek\u00fcl ve iyonlar\u0131 mineral g\u00f6zenekleri vas\u0131tas\u0131 ile i\u00e7 y\u00fczeylerine do\u011fru \u00e7ekerek suyun organik maddelerden ar\u0131nm\u0131\u015f, renksiz, kokusuz ve &hellip; <a href=\"http:\/\/bogaziciaritma.com\/en\/kum-karbon-filtrasyon\/\" class=\"more-link\">Continue reading <span class=\"screen-reader-text\">Kum-Karbon Filtrasyon<\/span><\/a><\/p>\n","protected":false},"author":1,"featured_media":0,"parent":0,"menu_order":0,"comment_status":"closed","ping_status":"closed","template":"","meta":[],"_links":{"self":[{"href":"http:\/\/bogaziciaritma.com\/en\/wp-json\/wp\/v2\/pages\/7152"}],"collection":[{"href":"http:\/\/bogaziciaritma.com\/en\/wp-json\/wp\/v2\/pages"}],"about":[{"href":"http:\/\/bogaziciaritma.com\/en\/wp-json\/wp\/v2\/types\/page"}],"author":[{"embeddable":true,"href":"http:\/\/bogaziciaritma.com\/en\/wp-json\/wp\/v2\/users\/1"}],"replies":[{"embeddable":true,"href":"http:\/\/bogaziciaritma.com\/en\/wp-json\/wp\/v2\/comments?post=7152"}],"version-history":[{"count":0,"href":"http:\/\/bogaziciaritma.com\/en\/wp-json\/wp\/v2\/pages\/7152\/revisions"}],"wp:attachment":[{"href":"http:\/\/bogaziciaritma.com\/en\/wp-json\/wp\/v2\/media?parent=7152"}],"curies":[{"name":"wp","href":"https:\/\/api.w.org\/{rel}","templated":true}]}}