{"id":7159,"date":"2020-12-03T14:59:52","date_gmt":"2020-12-03T11:59:52","guid":{"rendered":"http:\/\/redbrainlab.com\/bogaziciaritma\/?page_id=7159"},"modified":"2020-12-03T14:59:52","modified_gmt":"2020-12-03T11:59:52","slug":"ultrafiltrasyon-sistemleri","status":"publish","type":"page","link":"http:\/\/bogaziciaritma.com\/en\/ultrafiltrasyon-sistemleri\/","title":{"rendered":"Ultrafiltrasyon Sistemleri"},"content":{"rendered":"<p>[vc_row css_animation=&#8221;fadeInUp&#8221;][vc_column]<h4 style=\"text-align:left;\" class=\"ts-custom-heading \" >Ultrafiltrasyon Sistemleri<\/h4>\n[vc_column_text]<\/p>\n<p style=\"margin: 0in\"><span style=\"font-size: 10.5pt;font-family: 'Arial',sans-serif;color: #666666\">UF ultrafiltrasyon mod\u00fclleri, 0,01 mikron por \u00e7ap\u0131na sahip membran yap\u0131s\u0131yla kimyasal kullan\u0131m\u0131na gerek kalmadan, bakteri, vir\u00fcs ve mikroorganizmalar i\u00e7in tam bir bariyer g\u00f6revi g\u00f6r\u00fcr. <\/span><span style=\"font-size: 10.5pt;font-family: 'Arial',sans-serif;color: #666666\">UF Ultrafiltrasyon mod\u00fclleri, y\u00fczeysel sular\u0131n m\u00fckemmel filtrasyonunun yan\u0131nda, konvansiyonel biyolojik ve kimyasal ar\u0131tma \u00e7\u0131k\u0131\u015f sular\u0131n\u0131n; ters ozmos sistemlerine beslenebilmesine olanak sa\u011flamakta ve at\u0131k su geri kazan\u0131m projelerinde \u00f6nemli yer tutmaktad\u0131r. UF sistemleri ayr\u0131ca deniz suyu ar\u0131t\u0131m\u0131, g\u0131da sekt\u00f6r\u00fc ve me\u015frubat prosesleri, do\u011fal i\u00e7me suyu haz\u0131rlama fabrikalar\u0131, bakteri al\u0131m\u0131 ve suyun dolayl\u0131 dezenfeksiyonu ve bir\u00e7ok \u00f6zel proses de ba\u015far\u0131 ile kullan\u0131lmaktad\u0131r. At\u0131k sular\u0131n geri kazan\u0131mlar\u0131 i\u00e7in \u00f6zel dizaynlar ve MBR k\u00f6kenli, suyun tekrar geri kazan\u0131lmas\u0131na y\u00f6nelik proseslerde sistemlerin can damar\u0131n\u0131 olu\u015fturmaktad\u0131r.<\/span><\/p>\n<p>&nbsp;<\/p>\n<p style=\"margin: 0in\"><span style=\"font-size: 10.5pt;font-family: 'Arial',sans-serif;color: #666666\">Baz\u0131 sporlu mikro organizmalar gibi dezenfektanlara mukavemet edebilen organizmalar ancak Ultrafiltrasyon membranlar\u0131 ile tutulabilmektedir. Ultrafiltrasyon sistemlerinde kulland\u0131\u011f\u0131m\u0131z membranlar\u0131n por \u00e7aplar\u0131; mikro organizmalar\u0131n \u00e7aplar\u0131ndan k\u00fc\u00e7\u00fck oldu\u011fu i\u00e7in % 100 g\u00fcvenle sudan ar\u0131t\u0131m\u0131n\u0131 sa\u011flam\u0131\u015f oluruz. Ayr\u0131ca suda bulunan organik maddeler ile klor bile\u015fiklerinin, THM\u2019 ler (trihalometan) olu\u015fturdu\u011fu ve bu THM\u2019 lerin insan b\u00fcnyesi \u00fczerine toksik etkisi geri d\u00f6n\u00fclemez rahats\u0131zl\u0131klara neden oldu\u011fu bilinmektedir.<\/span><\/p>\n<p>[\/vc_column_text][vc_row_inner css_animation=&#8221;fadeInUp&#8221;][vc_column_inner][vc_gallery interval=&#8221;3&#8243; images=&#8221;7160,7161,7162&#8243; img_size=&#8221;large&#8221;][\/vc_column_inner][\/vc_row_inner][\/vc_column][\/vc_row]<\/p>\n","protected":false},"excerpt":{"rendered":"<p>[vc_row css_animation=&#8221;fadeInUp&#8221;][vc_column][vc_column_text] UF ultrafiltrasyon mod\u00fclleri, 0,01 mikron por \u00e7ap\u0131na sahip membran yap\u0131s\u0131yla kimyasal kullan\u0131m\u0131na gerek kalmadan, bakteri, vir\u00fcs ve mikroorganizmalar i\u00e7in tam bir bariyer g\u00f6revi g\u00f6r\u00fcr. UF Ultrafiltrasyon mod\u00fclleri, y\u00fczeysel sular\u0131n m\u00fckemmel filtrasyonunun yan\u0131nda, konvansiyonel biyolojik ve kimyasal ar\u0131tma \u00e7\u0131k\u0131\u015f sular\u0131n\u0131n; ters ozmos sistemlerine beslenebilmesine olanak sa\u011flamakta ve at\u0131k su geri kazan\u0131m projelerinde \u00f6nemli yer &hellip; <a href=\"http:\/\/bogaziciaritma.com\/en\/ultrafiltrasyon-sistemleri\/\" class=\"more-link\">Continue reading <span class=\"screen-reader-text\">Ultrafiltrasyon Sistemleri<\/span><\/a><\/p>\n","protected":false},"author":1,"featured_media":0,"parent":0,"menu_order":0,"comment_status":"closed","ping_status":"closed","template":"","meta":[],"_links":{"self":[{"href":"http:\/\/bogaziciaritma.com\/en\/wp-json\/wp\/v2\/pages\/7159"}],"collection":[{"href":"http:\/\/bogaziciaritma.com\/en\/wp-json\/wp\/v2\/pages"}],"about":[{"href":"http:\/\/bogaziciaritma.com\/en\/wp-json\/wp\/v2\/types\/page"}],"author":[{"embeddable":true,"href":"http:\/\/bogaziciaritma.com\/en\/wp-json\/wp\/v2\/users\/1"}],"replies":[{"embeddable":true,"href":"http:\/\/bogaziciaritma.com\/en\/wp-json\/wp\/v2\/comments?post=7159"}],"version-history":[{"count":0,"href":"http:\/\/bogaziciaritma.com\/en\/wp-json\/wp\/v2\/pages\/7159\/revisions"}],"wp:attachment":[{"href":"http:\/\/bogaziciaritma.com\/en\/wp-json\/wp\/v2\/media?parent=7159"}],"curies":[{"name":"wp","href":"https:\/\/api.w.org\/{rel}","templated":true}]}}