{"id":7168,"date":"2020-12-03T15:02:26","date_gmt":"2020-12-03T12:02:26","guid":{"rendered":"http:\/\/redbrainlab.com\/bogaziciaritma\/?page_id=7168"},"modified":"2020-12-03T15:02:26","modified_gmt":"2020-12-03T12:02:26","slug":"ters-ozmos-sistemleri","status":"publish","type":"page","link":"http:\/\/bogaziciaritma.com\/en\/ters-ozmos-sistemleri\/","title":{"rendered":"Ters Ozmos Sistemleri"},"content":{"rendered":"<p>[vc_row css_animation=&#8221;fadeInUp&#8221;][vc_column]<h4 style=\"text-align:left;\" class=\"ts-custom-heading \" >Ters Ozmos Sistemleri<\/h4>\n[vc_column_text]<\/p>\n<p style=\"margin: 0in\"><span style=\"font-size: 10.5pt;font-family: 'Arial',sans-serif;color: #666666\">1970\u2019li y\u0131llardan bu g\u00fcne, Ters Ozmos sistemi, ileri sanayii \u00fclkelerinde, su ve su d\u0131\u015f\u0131nda bir\u00e7ok proses de kullan\u0131lmaktad\u0131r. Ters Ozmos (Reverse Ozmos) Sistemi klasik ar\u0131t\u0131m sistemlerinin yetersiz kald\u0131\u011f\u0131 sulara (i\u00e7me suyu \u00fcretimi, g\u0131da sanayi, enerji santralleri, kimya sanayi, ila\u00e7 sanayi, kozmetik, diyaliz \u00fcniteleri, tekstil sanayi, cam sanayi, deniz suyundan \u015fehir ve kullanma suyu \u00fcretimi, iletkenli\u011fi y\u00fcksek olan kuyu sular\u0131n\u0131n ar\u0131t\u0131lmas\u0131 vb.) uygulanan, suyun i\u00e7indeki istenmeyen t\u00fcm mineralleri sudan ay\u0131ran, saf su eldesine y\u00f6nelik membran filtrasyon y\u00f6ntemidir.<\/span><\/p>\n<p style=\"margin: 0in\"><span style=\"font-size: 10.5pt;font-family: 'Arial',sans-serif;color: #666666\">Bu sistem y\u00fcksek bas\u0131n\u00e7 alt\u0131nda suyun yar\u0131 ge\u00e7irgen \u00f6zellik ta\u015f\u0131yan membran yard\u0131m\u0131yla %92-98 oran\u0131nda i\u00e7indeki kat\u0131 maddeleri, minarelleri ve mikroorganizmalar\u0131 da ortamdan uzakla\u015ft\u0131rarak temiz su eldesini sa\u011flar.<\/span><\/p>\n<p style=\"margin: 0in\"><span style=\"font-size: 10.5pt;font-family: 'Arial',sans-serif;color: #666666\">\u00a0<\/span><\/p>\n<p style=\"margin: 0in\"><b><span style=\"font-size: 10.5pt;font-family: 'Arial',sans-serif;color: #666666\">Kullan\u0131m Alanlar\u0131:<\/span><\/b><\/p>\n<p style=\"margin: 0in\"><span style=\"font-size: 10.5pt;font-family: 'Arial',sans-serif;color: #666666\">\u2022 Laboratuarlarda<\/span><\/p>\n<p style=\"margin: 0in\"><span style=\"font-size: 10.5pt;font-family: 'Arial',sans-serif;color: #666666\">\u2022 Sanayi ve End\u00fcstrilerde<\/span><\/p>\n<p style=\"margin: 0in\"><span style=\"font-size: 10.5pt;font-family: 'Arial',sans-serif;color: #666666\">\u2022 Ak\u00fc \u00fcretiminde<\/span><\/p>\n<p style=\"margin: 0in\"><span style=\"font-size: 10.5pt;font-family: 'Arial',sans-serif;color: #666666\">\u2022 Diyaliz merkezlerinde<\/span><\/p>\n<p style=\"margin: 0in\"><span style=\"font-size: 10.5pt;font-family: 'Arial',sans-serif;color: #666666\">\u2022 Buz yap\u0131m\u0131nda<\/span><\/p>\n<p style=\"margin: 0in\"><span style=\"font-size: 10.5pt;font-family: 'Arial',sans-serif;color: #666666\">\u2022 Biyomedikal uygulamalarda<\/span><\/p>\n<p style=\"margin: 0in\"><span style=\"font-size: 10.5pt;font-family: 'Arial',sans-serif;color: #666666\">\u2022 Hastanelerde<\/span><\/p>\n<p style=\"margin: 0in\"><span style=\"font-size: 10.5pt;font-family: 'Arial',sans-serif;color: #666666\">\u2022 Deniz suyu ve kuyu suyundan i\u00e7me suyu ve i\u015fletme suyu \u00fcretiminde kullan\u0131lmaktad\u0131r.<\/span><\/p>\n<p>[\/vc_column_text][vc_row_inner][vc_column_inner][vc_single_image image=&#8221;7169&#8243; img_size=&#8221;large&#8221;][\/vc_column_inner][\/vc_row_inner][\/vc_column][\/vc_row]<\/p>\n","protected":false},"excerpt":{"rendered":"<p>[vc_row css_animation=&#8221;fadeInUp&#8221;][vc_column][vc_column_text] 1970\u2019li y\u0131llardan bu g\u00fcne, Ters Ozmos sistemi, ileri sanayii \u00fclkelerinde, su ve su d\u0131\u015f\u0131nda bir\u00e7ok proses de kullan\u0131lmaktad\u0131r. Ters Ozmos (Reverse Ozmos) Sistemi klasik ar\u0131t\u0131m sistemlerinin yetersiz kald\u0131\u011f\u0131 sulara (i\u00e7me suyu \u00fcretimi, g\u0131da sanayi, enerji santralleri, kimya sanayi, ila\u00e7 sanayi, kozmetik, diyaliz \u00fcniteleri, tekstil sanayi, cam sanayi, deniz suyundan \u015fehir ve kullanma suyu &hellip; <a href=\"http:\/\/bogaziciaritma.com\/en\/ters-ozmos-sistemleri\/\" class=\"more-link\">Continue reading <span class=\"screen-reader-text\">Ters Ozmos Sistemleri<\/span><\/a><\/p>\n","protected":false},"author":1,"featured_media":0,"parent":0,"menu_order":0,"comment_status":"closed","ping_status":"closed","template":"","meta":[],"_links":{"self":[{"href":"http:\/\/bogaziciaritma.com\/en\/wp-json\/wp\/v2\/pages\/7168"}],"collection":[{"href":"http:\/\/bogaziciaritma.com\/en\/wp-json\/wp\/v2\/pages"}],"about":[{"href":"http:\/\/bogaziciaritma.com\/en\/wp-json\/wp\/v2\/types\/page"}],"author":[{"embeddable":true,"href":"http:\/\/bogaziciaritma.com\/en\/wp-json\/wp\/v2\/users\/1"}],"replies":[{"embeddable":true,"href":"http:\/\/bogaziciaritma.com\/en\/wp-json\/wp\/v2\/comments?post=7168"}],"version-history":[{"count":0,"href":"http:\/\/bogaziciaritma.com\/en\/wp-json\/wp\/v2\/pages\/7168\/revisions"}],"wp:attachment":[{"href":"http:\/\/bogaziciaritma.com\/en\/wp-json\/wp\/v2\/media?parent=7168"}],"curies":[{"name":"wp","href":"https:\/\/api.w.org\/{rel}","templated":true}]}}