{"id":7173,"date":"2020-12-03T15:10:42","date_gmt":"2020-12-03T12:10:42","guid":{"rendered":"http:\/\/redbrainlab.com\/bogaziciaritma\/?page_id=7173"},"modified":"2020-12-03T15:10:42","modified_gmt":"2020-12-03T12:10:42","slug":"atiksu-geri-kazanim-sistemleri","status":"publish","type":"page","link":"http:\/\/bogaziciaritma.com\/en\/atiksu-geri-kazanim-sistemleri\/","title":{"rendered":"At\u0131ksu Geri Kazan\u0131m Sistemleri"},"content":{"rendered":"<p>[vc_row][vc_column]<h4 style=\"text-align:left;\" class=\"ts-custom-heading  wpb_animate_when_almost_visible wpb_fadeInUp fadeInUp \" >At\u0131ksu Geri Kazan\u0131m Sistemleri<\/h4>\n[vc_column_text css_animation=&#8221;fadeInUp&#8221;]G\u00fcn\u00fcm\u00fczde su kaynaklar\u0131n\u0131n azalmas\u0131 ve maliyetlerinin artmas\u0131 ile birlikte at\u0131ksular\u0131n geri kazan\u0131larak tekrar kullan\u0131lmas\u0131 giderek artan bir \u015fekilde \u00f6nem kazanmaya ba\u015flam\u0131\u015ft\u0131r.<br \/>\n\u0130\u015fletmelerden ar\u0131tma tesislerinden \u00e7\u0131kan ar\u0131t\u0131lm\u0131\u015f at\u0131ksular ileri ar\u0131tma teknikleri kullan\u0131larak i\u015fletmelerde tekrar kullan\u0131labilecek kaliteye getirilebilmektedirler.<\/p>\n<p>At\u0131ksu geri kazan\u0131m\u0131 i\u00e7in kullan\u0131lanan sistemler a\u015fa\u011f\u0131da belirtilmi\u015ftir. \u0130stenilen suyun kalitesine g\u00f6re bu sistemler birlikte veya ayr\u0131 ayr\u0131 kullan\u0131labilmektedirler.<\/p>\n<p>&#8211; Filtrasyon Sistemleri (Kum Filtresi, Aktif Karbon Filtresi)<br \/>\n&#8211; Ultrafiltrasyon Sistemleri<br \/>\n&#8211; Nano Filtrayon Sistemleri<br \/>\n&#8211; Reverse Osmos Sistemleri<br \/>\n&#8211; MBR Sistemleri[\/vc_column_text][vc_row_inner][vc_column_inner][vc_single_image image=&#8221;7175&#8243; img_size=&#8221;large&#8221; css_animation=&#8221;fadeInUp&#8221;][\/vc_column_inner][\/vc_row_inner][\/vc_column][\/vc_row]<\/p>\n","protected":false},"excerpt":{"rendered":"<p>[vc_row][vc_column][vc_column_text css_animation=&#8221;fadeInUp&#8221;]G\u00fcn\u00fcm\u00fczde su kaynaklar\u0131n\u0131n azalmas\u0131 ve maliyetlerinin artmas\u0131 ile birlikte at\u0131ksular\u0131n geri kazan\u0131larak tekrar kullan\u0131lmas\u0131 giderek artan bir \u015fekilde \u00f6nem kazanmaya ba\u015flam\u0131\u015ft\u0131r. \u0130\u015fletmelerden ar\u0131tma tesislerinden \u00e7\u0131kan ar\u0131t\u0131lm\u0131\u015f at\u0131ksular ileri ar\u0131tma teknikleri kullan\u0131larak i\u015fletmelerde tekrar kullan\u0131labilecek kaliteye getirilebilmektedirler. At\u0131ksu geri kazan\u0131m\u0131 i\u00e7in kullan\u0131lanan sistemler a\u015fa\u011f\u0131da belirtilmi\u015ftir. \u0130stenilen suyun kalitesine g\u00f6re bu sistemler birlikte veya ayr\u0131 ayr\u0131 &hellip; <a href=\"http:\/\/bogaziciaritma.com\/en\/atiksu-geri-kazanim-sistemleri\/\" class=\"more-link\">Continue reading <span class=\"screen-reader-text\">At\u0131ksu Geri Kazan\u0131m Sistemleri<\/span><\/a><\/p>\n","protected":false},"author":1,"featured_media":0,"parent":0,"menu_order":0,"comment_status":"closed","ping_status":"closed","template":"","meta":[],"_links":{"self":[{"href":"http:\/\/bogaziciaritma.com\/en\/wp-json\/wp\/v2\/pages\/7173"}],"collection":[{"href":"http:\/\/bogaziciaritma.com\/en\/wp-json\/wp\/v2\/pages"}],"about":[{"href":"http:\/\/bogaziciaritma.com\/en\/wp-json\/wp\/v2\/types\/page"}],"author":[{"embeddable":true,"href":"http:\/\/bogaziciaritma.com\/en\/wp-json\/wp\/v2\/users\/1"}],"replies":[{"embeddable":true,"href":"http:\/\/bogaziciaritma.com\/en\/wp-json\/wp\/v2\/comments?post=7173"}],"version-history":[{"count":0,"href":"http:\/\/bogaziciaritma.com\/en\/wp-json\/wp\/v2\/pages\/7173\/revisions"}],"wp:attachment":[{"href":"http:\/\/bogaziciaritma.com\/en\/wp-json\/wp\/v2\/media?parent=7173"}],"curies":[{"name":"wp","href":"https:\/\/api.w.org\/{rel}","templated":true}]}}