{"id":7202,"date":"2020-12-04T15:09:17","date_gmt":"2020-12-04T12:09:17","guid":{"rendered":"http:\/\/redbrainlab.com\/bogaziciaritma\/?page_id=7202"},"modified":"2020-12-04T15:09:17","modified_gmt":"2020-12-04T12:09:17","slug":"paket-biyolojik-aritma-sistemleri","status":"publish","type":"page","link":"http:\/\/bogaziciaritma.com\/en\/paket-biyolojik-aritma-sistemleri\/","title":{"rendered":"Paket Biyolojik Ar\u0131tma Sistemleri"},"content":{"rendered":"<p>[vc_row css_animation=&#8221;fadeInUp&#8221;][vc_column]<h4 style=\"text-align:left;\" class=\"ts-custom-heading  wpb_animate_when_almost_visible wpb_fadeInUp fadeInUp \" >Paket Biyolojik Ar\u0131tma Sistemleri<\/h4>\n[vc_column_text css_animation=&#8221;fadeInUp&#8221;]Evsel at\u0131ksular\u0131n ar\u0131t\u0131lmas\u0131nda teknolojinin geli\u015fmesiyle birlikte avantajl\u0131 hale gelmi\u015f olan ve havaland\u0131rma ile \u00e7\u00f6keltimin ayn\u0131 reakt\u00f6r i\u00e7inde ger\u00e7ekle\u015ftirildi\u011fi Ard\u0131\u015f\u0131k Kesikli Reakt\u00f6r Prosesli olup evsel nitelikli at\u0131ksular\u0131n ar\u0131t\u0131lmas\u0131 amac\u0131 ile geli\u015ftirilmi\u015ftir.<\/p>\n<p>At\u0131k su dengeleme havuzunda toplanan at\u0131ksular, dalg\u0131\u00e7 at\u0131ksu pompas\u0131 vas\u0131tas\u0131 ile sistem giri\u015finde bulunan sepet tipi ince \u0131zgaradan ge\u00e7irilerek b\u00fcnyesindeki \u00e7\u00f6p, bez, vb. kat\u0131 pisliklerinden ayr\u0131\u015ft\u0131r\u0131lmaktad\u0131r. Izgaradan sonra ard\u0131\u015f\u0131k kesikli reakt\u00f6re ge\u00e7en at\u0131k sular burada aktif \u00e7amur ile temas ettirilmektedir. Ard\u0131\u015f\u0131k kesikli reakt\u00f6rde, at\u0131ksular\u0131n i\u00e7erdi\u011fi organik kirlilikler aerobik bakteriler yard\u0131m\u0131 ile CO2 ve suya d\u00f6n\u00fc\u015ft\u00fcr\u00fclmektedir. Bunun i\u00e7in gerekli oksijen ve kar\u0131\u015f\u0131m havas\u0131, \u00fcnite b\u00fcnyesinde bulunan blower ile sa\u011flanmaktad\u0131r. Blowerden sa\u011flanan hava, ince hava kabarc\u0131\u011f\u0131 veren membranl\u0131 kau\u00e7uk dif\u00fcz\u00f6rlerle t\u00fcm tanka e\u015fit olarak da\u011f\u0131t\u0131lmaktad\u0131r. Ard\u0131\u015f\u0131k kesikli reakt\u00f6rde organik kirlili\u011fi giderilen at\u0131ksular i\u00e7erdi\u011fi bakteri yumaklar\u0131yla \u00e7\u00f6kelmeye b\u0131rak\u0131lmaktad\u0131r.<\/p>\n<p>\u00c7\u00f6keltime b\u0131rak\u0131larak bakteri yumaklar\u0131ndan ayr\u0131lan ar\u0131t\u0131lm\u0131\u015f su, dalg\u0131\u00e7 tip tahliye pompas\u0131 ile al\u0131c\u0131 ortama de\u015farj edilirken dozaj pompas\u0131 ile hipoklorit dozlanarak dezenfekte edilmektedir. T\u00fcm sistem tamamen otomatik olarak \u00e7al\u0131\u015fmaktad\u0131r. Sistemde zamanla olu\u015fan ve belirli zamanlarda at\u0131lmas\u0131 gerekli at\u0131k \u00e7amurlar mobil ara\u00e7la (vidanj\u00f6r) sistemden uzakla\u015ft\u0131r\u0131lmakta veya \u00e7amur depolama havuzunda depolanmaktad\u0131r.<\/p>\n<p><strong>Paket Ar\u0131tman\u0131n Avantajlar\u0131:<\/strong><br \/>\n\u00bb Tam otomatik i\u015fletme<br \/>\n\u00bb Geli\u015ftirilebilir otomasyon<br \/>\n\u00bb Kolay kurulum<br \/>\n\u00bb Art\u0131r\u0131labilir kapasite<br \/>\n\u00bb Tam ve yar\u0131m kapasite \u00e7al\u0131\u015fabilme<br \/>\n\u00bb Y\u00fcksek ar\u0131tma verimi<br \/>\n\u00bb Kokusuz ve g\u00fcr\u00fclt\u00fcs\u00fcz \u00e7al\u0131\u015fma<\/p>\n<p>T\u00fcm mobil \u00fcniteler 2 g\u00fcn i\u00e7inde montaj yap\u0131larak \u00e7al\u0131\u015fmaya haz\u0131r hale getirilir.<\/p>\n<p><strong>Paket Ar\u0131tman\u0131n Kullan\u0131m alanlar\u0131 ;<\/strong><br \/>\n\u00bb Konut ve toplu konutlar<br \/>\n\u00bb Tatil k\u00f6yleri<br \/>\n\u00bb Turistik tesisler<br \/>\n\u00bb Fabrika ve sanayi kurulu\u015flar\u0131<br \/>\n\u00bb Yazl\u0131k siteler ve villalar<br \/>\n\u00bb K\u00f6y ve belediyeler<br \/>\n\u00bb Sosyal tesisler<br \/>\n\u00bb Okul, hastane ve askeri birlikler[\/vc_column_text][\/vc_column][\/vc_row][vc_row css_animation=&#8221;fadeInUp&#8221;][vc_column][vc_single_image image=&#8221;7272&#8243; img_size=&#8221;600&#215;356&#8243; css_animation=&#8221;fadeInUp&#8221;][\/vc_column][\/vc_row][vc_row css_animation=&#8221;fadeInUp&#8221;][vc_column][vc_column_text css_animation=&#8221;fadeInUp&#8221;]<\/p>\n<table width=\"519\">\n<tbody>\n<tr>\n<td width=\"94\">Model<\/td>\n<td width=\"76\">Ki\u015fi Kapasite<\/td>\n<td width=\"94\">At\u0131ksu Kapasitesi<\/td>\n<td width=\"132\">Dengeleme Haznesi (Yer Alt\u0131)<\/td>\n<td width=\"123\">Paket Ar\u0131tman\u0131n Yerle\u015fim Alan\u0131<\/td>\n<\/tr>\n<tr>\n<td width=\"94\"><strong>BPKT 25P<\/strong><\/td>\n<td width=\"76\">25 Ki\u015fi<\/td>\n<td width=\"94\">5 m<sup>3<\/sup>\/g\u00fcn<\/td>\n<td width=\"132\">5 m<sup>3<\/sup><\/td>\n<td width=\"123\">3,5 m<sup>2<\/sup><\/td>\n<\/tr>\n<tr>\n<td width=\"94\"><strong>BPKT 50P<\/strong><\/td>\n<td width=\"76\">50 Ki\u015fi<\/td>\n<td width=\"94\">10 m<sup>3<\/sup>\/g\u00fcn<\/td>\n<td width=\"132\">7 m<sup>3<\/sup><\/td>\n<td width=\"123\">4 m<sup>2<\/sup><\/td>\n<\/tr>\n<tr>\n<td width=\"94\"><strong>BPKT 100P<\/strong><\/td>\n<td width=\"76\">100 Ki\u015fi<\/td>\n<td width=\"94\">20 m<sup>3<\/sup>\/g\u00fcn<\/td>\n<td width=\"132\">10 m<sup>3<\/sup><\/td>\n<td width=\"123\">6 m<sup>2<\/sup><\/td>\n<\/tr>\n<tr>\n<td width=\"94\"><strong>BPKT 150P<\/strong><\/td>\n<td width=\"76\">150 Ki\u015fi<\/td>\n<td width=\"94\">30 m<sup>3<\/sup>\/g\u00fcn<\/td>\n<td width=\"132\">16 m<sup>3<\/sup><\/td>\n<td width=\"123\">8 m<sup>2<\/sup><\/td>\n<\/tr>\n<tr>\n<td width=\"94\"><strong>BPKT 200P<\/strong><\/td>\n<td width=\"76\">200 Ki\u015fi<\/td>\n<td width=\"94\">40 m<sup>3<\/sup>\/g\u00fcn<\/td>\n<td width=\"132\">20 m<sup>3<\/sup><\/td>\n<td width=\"123\">10 m<sup>2<\/sup><\/td>\n<\/tr>\n<tr>\n<td width=\"94\"><strong>BPKT 250P<\/strong><\/td>\n<td width=\"76\">250 Ki\u015fi<\/td>\n<td width=\"94\">50 m<sup>3<\/sup>\/g\u00fcn<\/td>\n<td width=\"132\">25 m<sup>3<\/sup><\/td>\n<td width=\"123\">14 m<sup>2<\/sup><\/td>\n<\/tr>\n<tr>\n<td width=\"94\"><strong>BPKT 300P<\/strong><\/td>\n<td width=\"76\">300 Ki\u015fi<\/td>\n<td width=\"94\">60 m<sup>3<\/sup>\/g\u00fcn<\/td>\n<td width=\"132\">28 m<sup>3<\/sup><\/td>\n<td width=\"123\">16 m<sup>2<\/sup><\/td>\n<\/tr>\n<tr>\n<td width=\"94\"><strong>BPKT 400P<\/strong><\/td>\n<td width=\"76\">400 Ki\u015fi<\/td>\n<td width=\"94\">80 m<sup>3<\/sup>\/g\u00fcn<\/td>\n<td width=\"132\">40 m<sup>3<\/sup><\/td>\n<td width=\"123\">18 m<sup>2<\/sup><\/td>\n<\/tr>\n<tr>\n<td width=\"94\"><strong>BPKT 500P<\/strong><\/td>\n<td width=\"76\">500 Ki\u015fi<\/td>\n<td width=\"94\">100 m<sup>3<\/sup>\/g\u00fcn<\/td>\n<td width=\"132\">55 m<sup>3<\/sup><\/td>\n<td width=\"123\">23 m<sup>2<\/sup><\/td>\n<\/tr>\n<tr>\n<td width=\"94\"><strong>BPKT 600P<\/strong><\/td>\n<td width=\"76\">600 Ki\u015fi<\/td>\n<td width=\"94\">120 m<sup>3<\/sup>\/g\u00fcn<\/td>\n<td width=\"132\">60 m<sup>3<\/sup><\/td>\n<td width=\"123\">26 m<sup>2<\/sup><\/td>\n<\/tr>\n<tr>\n<td width=\"94\"><strong>BPKT 700P<\/strong><\/td>\n<td width=\"76\">700 Ki\u015fi<\/td>\n<td width=\"94\">140 m<sup>3<\/sup>\/g\u00fcn<\/td>\n<td width=\"132\">68 m<sup>3<\/sup><\/td>\n<td width=\"123\">32 m<sup>2<\/sup><\/td>\n<\/tr>\n<tr>\n<td width=\"94\"><strong>BPKT 800P<\/strong><\/td>\n<td width=\"76\">800 Ki\u015fi<\/td>\n<td width=\"94\">160 m<sup>3<\/sup>\/g\u00fcn<\/td>\n<td width=\"132\">80 m<sup>3<\/sup><\/td>\n<td width=\"123\">36 m<sup>2<\/sup><\/td>\n<\/tr>\n<tr>\n<td width=\"94\"><strong>BPKT 900P<\/strong><\/td>\n<td width=\"76\">900 Ki\u015fi<\/td>\n<td width=\"94\">180 m<sup>3<\/sup>\/g\u00fcn<\/td>\n<td width=\"132\">90 m<sup>3<\/sup><\/td>\n<td width=\"123\">38 m<sup>2<\/sup><\/td>\n<\/tr>\n<tr>\n<td width=\"94\"><strong>BPKT 1000P<\/strong><\/td>\n<td width=\"76\">1000 Ki\u015fi<\/td>\n<td width=\"94\">200 m<sup>3<\/sup>\/g\u00fcn<\/td>\n<td width=\"132\">104 m<sup>3<\/sup><\/td>\n<td width=\"123\">40 m<sup>2<\/sup><\/td>\n<\/tr>\n<\/tbody>\n<\/table>\n<p>[\/vc_column_text][vc_gallery interval=&#8221;3&#8243; images=&#8221;7203,7204,7205,7206,7207&#8243; img_size=&#8221;large&#8221; css_animation=&#8221;fadeInUp&#8221;][\/vc_column][\/vc_row]<\/p>\n","protected":false},"excerpt":{"rendered":"<p>[vc_row css_animation=&#8221;fadeInUp&#8221;][vc_column][vc_column_text css_animation=&#8221;fadeInUp&#8221;]Evsel at\u0131ksular\u0131n ar\u0131t\u0131lmas\u0131nda teknolojinin geli\u015fmesiyle birlikte avantajl\u0131 hale gelmi\u015f olan ve havaland\u0131rma ile \u00e7\u00f6keltimin ayn\u0131 reakt\u00f6r i\u00e7inde ger\u00e7ekle\u015ftirildi\u011fi Ard\u0131\u015f\u0131k Kesikli Reakt\u00f6r Prosesli olup evsel nitelikli at\u0131ksular\u0131n ar\u0131t\u0131lmas\u0131 amac\u0131 ile geli\u015ftirilmi\u015ftir. At\u0131k su dengeleme havuzunda toplanan at\u0131ksular, dalg\u0131\u00e7 at\u0131ksu pompas\u0131 vas\u0131tas\u0131 ile sistem giri\u015finde bulunan sepet tipi ince \u0131zgaradan ge\u00e7irilerek b\u00fcnyesindeki \u00e7\u00f6p, bez, vb. &hellip; <a href=\"http:\/\/bogaziciaritma.com\/en\/paket-biyolojik-aritma-sistemleri\/\" class=\"more-link\">Continue reading <span class=\"screen-reader-text\">Paket Biyolojik Ar\u0131tma Sistemleri<\/span><\/a><\/p>\n","protected":false},"author":1,"featured_media":0,"parent":0,"menu_order":0,"comment_status":"closed","ping_status":"closed","template":"","meta":[],"_links":{"self":[{"href":"http:\/\/bogaziciaritma.com\/en\/wp-json\/wp\/v2\/pages\/7202"}],"collection":[{"href":"http:\/\/bogaziciaritma.com\/en\/wp-json\/wp\/v2\/pages"}],"about":[{"href":"http:\/\/bogaziciaritma.com\/en\/wp-json\/wp\/v2\/types\/page"}],"author":[{"embeddable":true,"href":"http:\/\/bogaziciaritma.com\/en\/wp-json\/wp\/v2\/users\/1"}],"replies":[{"embeddable":true,"href":"http:\/\/bogaziciaritma.com\/en\/wp-json\/wp\/v2\/comments?post=7202"}],"version-history":[{"count":0,"href":"http:\/\/bogaziciaritma.com\/en\/wp-json\/wp\/v2\/pages\/7202\/revisions"}],"wp:attachment":[{"href":"http:\/\/bogaziciaritma.com\/en\/wp-json\/wp\/v2\/media?parent=7202"}],"curies":[{"name":"wp","href":"https:\/\/api.w.org\/{rel}","templated":true}]}}