{"id":7324,"date":"2020-12-12T16:38:09","date_gmt":"2020-12-12T13:38:09","guid":{"rendered":"http:\/\/redbrainlab.com\/bogaziciaritma\/?page_id=7324"},"modified":"2020-12-12T16:38:09","modified_gmt":"2020-12-12T13:38:09","slug":"betonarme-biyolojik-aritma-sistemleri","status":"publish","type":"page","link":"http:\/\/bogaziciaritma.com\/en\/betonarme-biyolojik-aritma-sistemleri\/","title":{"rendered":"Betonarme Biyolojik Ar\u0131tma Sistemleri"},"content":{"rendered":"<p>[vc_row css_animation=&#8221;fadeInUp&#8221;][vc_column]<h4 style=\"text-align:left;\" class=\"ts-custom-heading  wpb_animate_when_almost_visible wpb_fadeInUp fadeInUp \" >Betonarme Biyolojik Ar\u0131tma Sistemleri<\/h4>\n[vc_column_text css_animation=&#8221;fadeInUp&#8221;]Y\u00fcksek n\u00fcfus i\u00e7eren yerle\u015fim yerlerinden kaynaklanan evsel nitelikli at\u0131ksular\u0131n ar\u0131t\u0131lmas\u0131nda tercih edilir. Biyojik ar\u0131tma sistemleri de kendi i\u00e7inde s\u0131n\u0131flan\u0131rlar. Ortamda oksijen varl\u0131\u011f\u0131na g\u00f6re aerobik veya anaerobik. Ar\u0131tma sisteminin i\u015fleyi\u015fine g\u00f6re ask\u0131da b\u00fcy\u00fcyen haval\u0131 sistemler (aktif \u00e7amur, uzun havaland\u0131rmal\u0131 aktif \u00e7amur, ard\u0131\u015f\u0131k kesikli sistem), y\u00fczeyde b\u00fcy\u00fcyen haval\u0131 sistemler (Damlatmal\u0131 filtreler, Biyodisk, Biyolojik kuleler) ve anaerobik gibi \u015fekillerdedir.[\/vc_column_text]<h4 style=\"text-align:left;\" class=\"ts-custom-heading  wpb_animate_when_almost_visible wpb_fadeInUp fadeInUp \" >Biyolojik Ar\u0131tma Tesisleri \u0130n\u015faat Detaylar\u0131<\/h4>\n[vc_column_text css_animation=&#8221;fadeInUp&#8221;]Esas itibariyle biyolojik ar\u0131t\u0131m i\u00e7in gerekli \u00fcnitelerin in\u015faas\u0131nda ki gerekli alan olu\u015fan at\u0131ksuyun miktar\u0131yla do\u011fru orant\u0131l\u0131d\u0131r. Biyolojik ar\u0131t\u0131m i\u00e7in kurulan tesislerde dikkate al\u0131nan \u00f6nemli noktalardan biride ileride ki kapasite ve n\u00fcfus art\u0131m\u0131d\u0131r ki kurdu\u011fumuz tesislerde m\u00fcstakbel kapasiteleri de g\u00f6z \u00f6n\u00fcne alarak tasar\u0131m yapmaktay\u0131z.[\/vc_column_text][vc_row_inner][vc_column_inner][vc_gallery interval=&#8221;3&#8243; images=&#8221;7325,7326,7327,7328&#8243; img_size=&#8221;large&#8221;][\/vc_column_inner][\/vc_row_inner][\/vc_column][\/vc_row]<\/p>\n","protected":false},"excerpt":{"rendered":"<p>[vc_row css_animation=&#8221;fadeInUp&#8221;][vc_column][vc_column_text css_animation=&#8221;fadeInUp&#8221;]Y\u00fcksek n\u00fcfus i\u00e7eren yerle\u015fim yerlerinden kaynaklanan evsel nitelikli at\u0131ksular\u0131n ar\u0131t\u0131lmas\u0131nda tercih edilir. Biyojik ar\u0131tma sistemleri de kendi i\u00e7inde s\u0131n\u0131flan\u0131rlar. Ortamda oksijen varl\u0131\u011f\u0131na g\u00f6re aerobik veya anaerobik. Ar\u0131tma sisteminin i\u015fleyi\u015fine g\u00f6re ask\u0131da b\u00fcy\u00fcyen haval\u0131 sistemler (aktif \u00e7amur, uzun havaland\u0131rmal\u0131 aktif \u00e7amur, ard\u0131\u015f\u0131k kesikli sistem), y\u00fczeyde b\u00fcy\u00fcyen haval\u0131 sistemler (Damlatmal\u0131 filtreler, Biyodisk, Biyolojik kuleler) ve &hellip; <a href=\"http:\/\/bogaziciaritma.com\/en\/betonarme-biyolojik-aritma-sistemleri\/\" class=\"more-link\">Continue reading <span class=\"screen-reader-text\">Betonarme Biyolojik Ar\u0131tma Sistemleri<\/span><\/a><\/p>\n","protected":false},"author":1,"featured_media":0,"parent":0,"menu_order":0,"comment_status":"closed","ping_status":"closed","template":"","meta":[],"_links":{"self":[{"href":"http:\/\/bogaziciaritma.com\/en\/wp-json\/wp\/v2\/pages\/7324"}],"collection":[{"href":"http:\/\/bogaziciaritma.com\/en\/wp-json\/wp\/v2\/pages"}],"about":[{"href":"http:\/\/bogaziciaritma.com\/en\/wp-json\/wp\/v2\/types\/page"}],"author":[{"embeddable":true,"href":"http:\/\/bogaziciaritma.com\/en\/wp-json\/wp\/v2\/users\/1"}],"replies":[{"embeddable":true,"href":"http:\/\/bogaziciaritma.com\/en\/wp-json\/wp\/v2\/comments?post=7324"}],"version-history":[{"count":0,"href":"http:\/\/bogaziciaritma.com\/en\/wp-json\/wp\/v2\/pages\/7324\/revisions"}],"wp:attachment":[{"href":"http:\/\/bogaziciaritma.com\/en\/wp-json\/wp\/v2\/media?parent=7324"}],"curies":[{"name":"wp","href":"https:\/\/api.w.org\/{rel}","templated":true}]}}