{"id":7332,"date":"2020-12-12T16:41:24","date_gmt":"2020-12-12T13:41:24","guid":{"rendered":"http:\/\/redbrainlab.com\/bogaziciaritma\/?page_id=7332"},"modified":"2020-12-12T16:41:24","modified_gmt":"2020-12-12T13:41:24","slug":"atik-kabul-tesisleri","status":"publish","type":"page","link":"http:\/\/bogaziciaritma.com\/en\/atik-kabul-tesisleri\/","title":{"rendered":"ATIK KABUL TES\u0130SLER\u0130"},"content":{"rendered":"<p>[vc_row css_animation=&#8221;fadeInUp&#8221;][vc_column]<h4 style=\"text-align:left;\" class=\"ts-custom-heading  wpb_animate_when_almost_visible wpb_fadeInUp fadeInUp \" >ATIK KABUL TES\u0130SLER\u0130<\/h4>\n[vc_column_text css_animation=&#8221;fadeInUp&#8221;]Limanlar, gemilerin \u00fcretti\u011fi at\u0131klar\u0131n (sla\u00e7, sintine, at\u0131k ya\u011f, \u00e7\u00f6p, evsel at\u0131ksu) ve y\u00fck art\u0131klar\u0131n\u0131n al\u0131nmas\u0131na hizmet edecek at\u0131k kabul tesislerini kurmak zorundad\u0131r. Gemilerin \u00fcretti\u011fi at\u0131klar, geminin faaliyetleri s\u0131ras\u0131nda olu\u015fan ve MARPOL 73\/78&#8217;in EK-I, EK-IV ve EK-V&#8217;i kapsam\u0131na giren, kanalizasyon d\u00e2hil t\u00fcm at\u0131klar ve y\u00fck art\u0131klar\u0131d\u0131r. Limanlar bu at\u0131klar\u0131, limana yana\u015fan gemiden alabilir ya da b\u00f6lgede faaliyet g\u00f6steren at\u0131k al\u0131m gemilerinden alabilirler. Limanlar, liman\u0131n b\u00fcy\u00fckl\u00fc\u011f\u00fcne, yana\u015facak geminin t\u00fcr\u00fcne, seyir s\u00fcresine, adedine g\u00f6re de\u011fi\u015fen kapasitede ve teknik donan\u0131ma sahip at\u0131k kabul tesislerini kurmakla y\u00fck\u00fcml\u00fcd\u00fcr. Limanlar\u0131n at\u0131k kabul tesisi kurulmas\u0131 ve i\u015fletilmesi s\u00fcrecindeki genel y\u00fck\u00fcml\u00fcl\u00fckleri a\u015fa\u011f\u0131daki gibidir:<\/p>\n<p>&#8211; Limanlar, at\u0131k kabul tesisini Marpol 73\/78\u2019e g\u00f6re projelendirir, tesis proje raporunu \u00c7evre ve \u015eehircilik Bakanl\u0131\u011f\u0131 onay\u0131na sunar.<br \/>\n&#8211; Onaylanan proje \u00fczerinden at\u0131k kabul tesisinin kurulum \u00e7al\u0131\u015fmalar\u0131na ba\u015flan\u0131r, kurulumun tamamlanmas\u0131n\u0131n ard\u0131ndan at\u0131k kabul tesisi \u00c7evre ve \u015eehircilik Bakanl\u0131\u011f\u0131 taraf\u0131ndan denetlenir, uygun bulunmas\u0131 halinde At\u0131k Kabul Tesisi onay belgesi d\u00fczenlenir,<br \/>\n&#8211; At\u0131k kabul tesisinde toplanan, at\u0131k kabul tesisi faaliyetleri sonucunda olu\u015fan at\u0131klar\u0131 \u00c7evre Mevzuat\u0131\u2019na uygun \u015fekilde bertaraf ederler veya bertaraf edilmesi i\u00e7in \u00c7evre ve \u015eehircilik Bakanl\u0131\u011f\u0131\u2019ndan lisans alan di\u011fer tesislere g\u00f6nderirler,<br \/>\n&#8211; S\u00f6zle\u015fme yapt\u0131klar\u0131 at\u0131k alma gemilerinin ta\u015f\u0131d\u0131\u011f\u0131 at\u0131klar\u0131 da kabul ederler,<br \/>\n&#8211; At\u0131k al\u0131m s\u00fcrecinde resmi kurumlarla ileti\u015fimi sa\u011flar, gerekli belgeleri, formlar\u0131 doldurarak \u00c7evre ve \u015eehircilik \u0130l M\u00fcd\u00fcrl\u00fcklerine iletirler,<br \/>\n&#8211; At\u0131k y\u00f6netim plan\u0131n\u0131 her \u00fc\u00e7 y\u0131lda bir \u00c7evre ve \u015eehircilik Bakanl\u0131\u011f\u0131\u2019na sunarlar.[\/vc_column_text][vc_row_inner][vc_column_inner][vc_gallery interval=&#8221;3&#8243; images=&#8221;7313,7312&#8243; img_size=&#8221;large&#8221;][\/vc_column_inner][\/vc_row_inner][\/vc_column][\/vc_row]<\/p>\n","protected":false},"excerpt":{"rendered":"<p>[vc_row css_animation=&#8221;fadeInUp&#8221;][vc_column][vc_column_text css_animation=&#8221;fadeInUp&#8221;]Limanlar, gemilerin \u00fcretti\u011fi at\u0131klar\u0131n (sla\u00e7, sintine, at\u0131k ya\u011f, \u00e7\u00f6p, evsel at\u0131ksu) ve y\u00fck art\u0131klar\u0131n\u0131n al\u0131nmas\u0131na hizmet edecek at\u0131k kabul tesislerini kurmak zorundad\u0131r. Gemilerin \u00fcretti\u011fi at\u0131klar, geminin faaliyetleri s\u0131ras\u0131nda olu\u015fan ve MARPOL 73\/78&#8217;in EK-I, EK-IV ve EK-V&#8217;i kapsam\u0131na giren, kanalizasyon d\u00e2hil t\u00fcm at\u0131klar ve y\u00fck art\u0131klar\u0131d\u0131r. Limanlar bu at\u0131klar\u0131, limana yana\u015fan gemiden alabilir ya &hellip; <a href=\"http:\/\/bogaziciaritma.com\/en\/atik-kabul-tesisleri\/\" class=\"more-link\">Continue reading <span class=\"screen-reader-text\">ATIK KABUL TES\u0130SLER\u0130<\/span><\/a><\/p>\n","protected":false},"author":1,"featured_media":0,"parent":0,"menu_order":0,"comment_status":"closed","ping_status":"closed","template":"","meta":[],"_links":{"self":[{"href":"http:\/\/bogaziciaritma.com\/en\/wp-json\/wp\/v2\/pages\/7332"}],"collection":[{"href":"http:\/\/bogaziciaritma.com\/en\/wp-json\/wp\/v2\/pages"}],"about":[{"href":"http:\/\/bogaziciaritma.com\/en\/wp-json\/wp\/v2\/types\/page"}],"author":[{"embeddable":true,"href":"http:\/\/bogaziciaritma.com\/en\/wp-json\/wp\/v2\/users\/1"}],"replies":[{"embeddable":true,"href":"http:\/\/bogaziciaritma.com\/en\/wp-json\/wp\/v2\/comments?post=7332"}],"version-history":[{"count":0,"href":"http:\/\/bogaziciaritma.com\/en\/wp-json\/wp\/v2\/pages\/7332\/revisions"}],"wp:attachment":[{"href":"http:\/\/bogaziciaritma.com\/en\/wp-json\/wp\/v2\/media?parent=7332"}],"curies":[{"name":"wp","href":"https:\/\/api.w.org\/{rel}","templated":true}]}}