{"id":7336,"date":"2020-12-12T16:54:40","date_gmt":"2020-12-12T13:54:40","guid":{"rendered":"http:\/\/redbrainlab.com\/bogaziciaritma\/?page_id=7336"},"modified":"2020-12-12T16:54:40","modified_gmt":"2020-12-12T13:54:40","slug":"aritma-tesisi-ekipman-temini","status":"publish","type":"page","link":"http:\/\/bogaziciaritma.com\/en\/aritma-tesisi-ekipman-temini\/","title":{"rendered":"Ar\u0131tma Tesisi Ekipman Temini"},"content":{"rendered":"<p>[vc_row css_animation=&#8221;fadeInUp&#8221;][vc_column]<h4 style=\"text-align:left;\" class=\"ts-custom-heading  wpb_animate_when_almost_visible wpb_fadeInUp fadeInUp \" >Ar\u0131tma Tesisi Ekipman Temini<\/h4>\n[vc_column_text css_animation=&#8221;fadeInUp&#8221;]\u0130htiya\u00e7 duydu\u011funuz ekipman ve malzeme teminini Bo\u011fazi\u00e7i ar\u0131tma olarak yapmaktay\u0131z.[\/vc_column_text]<h4 style=\"text-align:left;\" class=\"ts-custom-heading  wpb_animate_when_almost_visible wpb_fadeInUp fadeInUp \" >Filtre Pres Bezleri<\/h4>\n[vc_single_image image=&#8221;7337&#8243; img_size=&#8221;medium&#8221; css_animation=&#8221;fadeInUp&#8221;]<h4 style=\"text-align:left;\" class=\"ts-custom-heading  wpb_animate_when_almost_visible wpb_fadeInUp fadeInUp \" >Filtre Pres Plakalar\u0131<\/h4>\n[vc_single_image image=&#8221;7339&#8243; img_size=&#8221;medium&#8221; css_animation=&#8221;fadeInUp&#8221;]<h4 style=\"text-align:left;\" class=\"ts-custom-heading  wpb_animate_when_almost_visible wpb_fadeInUp fadeInUp \" >Tank Kar\u0131\u015ft\u0131r\u0131c\u0131lar\u0131<\/h4>\n[vc_single_image image=&#8221;7341&#8243; img_size=&#8221;medium&#8221; css_animation=&#8221;fadeInUp&#8221;]<h4 style=\"text-align:left;\" class=\"ts-custom-heading  wpb_animate_when_almost_visible wpb_fadeInUp fadeInUp \" >Blower ve dif\u00fcz\u00f6r<\/h4>\n[vc_single_image image=&#8221;7342&#8243; img_size=&#8221;medium&#8221; css_animation=&#8221;fadeInUp&#8221;]<h4 style=\"text-align:left;\" class=\"ts-custom-heading  wpb_animate_when_almost_visible wpb_fadeInUp fadeInUp \" >Dozaj Pompalar\u0131<\/h4>\n[vc_single_image image=&#8221;7343&#8243; img_size=&#8221;medium&#8221; css_animation=&#8221;fadeInUp&#8221;]<h4 style=\"text-align:left;\" class=\"ts-custom-heading  wpb_animate_when_almost_visible wpb_fadeInUp fadeInUp \" >Dozaj Tanklar\u0131 ve Kimyasal Haz\u0131rlama \u00dcniteleri<\/h4>\n[vc_single_image image=&#8221;7344&#8243; img_size=&#8221;medium&#8221; css_animation=&#8221;fadeInUp&#8221;]<h4 style=\"text-align:left;\" class=\"ts-custom-heading  wpb_animate_when_almost_visible wpb_fadeInUp fadeInUp \" >Mineral Tuzlar\u0131 ve Aktif Karbon<\/h4>\n[vc_single_image image=&#8221;7345&#8243; img_size=&#8221;medium&#8221; css_animation=&#8221;fadeInUp&#8221;]<h4 style=\"text-align:left;\" class=\"ts-custom-heading  wpb_animate_when_almost_visible wpb_fadeInUp fadeInUp \" >\u00c7amur Pompalar\u0131 ve Dalg\u0131\u00e7 Pompa<\/h4>\n[vc_single_image image=&#8221;7346&#8243; img_size=&#8221;medium&#8221; css_animation=&#8221;fadeInUp&#8221;]<h4 style=\"text-align:left;\" class=\"ts-custom-heading  wpb_animate_when_almost_visible wpb_fadeInUp fadeInUp \" >Hava Diyaframl\u0131 Pompa<\/h4>\n[vc_single_image image=&#8221;7347&#8243; img_size=&#8221;medium&#8221; css_animation=&#8221;fadeInUp&#8221;]<h4 style=\"text-align:left;\" class=\"ts-custom-heading  wpb_animate_when_almost_visible wpb_fadeInUp fadeInUp \" >pH Metre ve Oksijen Metre<\/h4>\n[vc_single_image image=&#8221;7348&#8243; img_size=&#8221;medium&#8221; css_animation=&#8221;fadeInUp&#8221;][\/vc_column][\/vc_row]<\/p>\n","protected":false},"excerpt":{"rendered":"<p>[vc_row css_animation=&#8221;fadeInUp&#8221;][vc_column][vc_column_text css_animation=&#8221;fadeInUp&#8221;]\u0130htiya\u00e7 duydu\u011funuz ekipman ve malzeme teminini Bo\u011fazi\u00e7i ar\u0131tma olarak yapmaktay\u0131z.[\/vc_column_text][vc_single_image image=&#8221;7337&#8243; img_size=&#8221;medium&#8221; css_animation=&#8221;fadeInUp&#8221;][vc_single_image image=&#8221;7339&#8243; img_size=&#8221;medium&#8221; css_animation=&#8221;fadeInUp&#8221;][vc_single_image image=&#8221;7341&#8243; img_size=&#8221;medium&#8221; css_animation=&#8221;fadeInUp&#8221;][vc_single_image image=&#8221;7342&#8243; img_size=&#8221;medium&#8221; css_animation=&#8221;fadeInUp&#8221;][vc_single_image image=&#8221;7343&#8243; img_size=&#8221;medium&#8221; css_animation=&#8221;fadeInUp&#8221;][vc_single_image image=&#8221;7344&#8243; img_size=&#8221;medium&#8221; css_animation=&#8221;fadeInUp&#8221;][vc_single_image image=&#8221;7345&#8243; img_size=&#8221;medium&#8221; css_animation=&#8221;fadeInUp&#8221;][vc_single_image image=&#8221;7346&#8243; img_size=&#8221;medium&#8221; css_animation=&#8221;fadeInUp&#8221;][vc_single_image image=&#8221;7347&#8243; img_size=&#8221;medium&#8221; css_animation=&#8221;fadeInUp&#8221;][vc_single_image image=&#8221;7348&#8243; img_size=&#8221;medium&#8221; css_animation=&#8221;fadeInUp&#8221;][\/vc_column][\/vc_row]<\/p>\n","protected":false},"author":1,"featured_media":0,"parent":0,"menu_order":0,"comment_status":"closed","ping_status":"closed","template":"","meta":[],"_links":{"self":[{"href":"http:\/\/bogaziciaritma.com\/en\/wp-json\/wp\/v2\/pages\/7336"}],"collection":[{"href":"http:\/\/bogaziciaritma.com\/en\/wp-json\/wp\/v2\/pages"}],"about":[{"href":"http:\/\/bogaziciaritma.com\/en\/wp-json\/wp\/v2\/types\/page"}],"author":[{"embeddable":true,"href":"http:\/\/bogaziciaritma.com\/en\/wp-json\/wp\/v2\/users\/1"}],"replies":[{"embeddable":true,"href":"http:\/\/bogaziciaritma.com\/en\/wp-json\/wp\/v2\/comments?post=7336"}],"version-history":[{"count":0,"href":"http:\/\/bogaziciaritma.com\/en\/wp-json\/wp\/v2\/pages\/7336\/revisions"}],"wp:attachment":[{"href":"http:\/\/bogaziciaritma.com\/en\/wp-json\/wp\/v2\/media?parent=7336"}],"curies":[{"name":"wp","href":"https:\/\/api.w.org\/{rel}","templated":true}]}}